{"id":485,"date":"2023-08-28T18:36:23","date_gmt":"2023-08-28T16:36:23","guid":{"rendered":"https:\/\/taxiure.com\/contacto\/"},"modified":"2024-04-02T17:25:09","modified_gmt":"2024-04-02T15:25:09","slug":"contacto","status":"publish","type":"page","link":"https:\/\/taxiure.com\/es\/contacto\/","title":{"rendered":"Contacto"},"content":{"rendered":"<p>[et_pb_section fb_built=\u00bb1&#8243; custom_padding_last_edited=\u00bbon|phone\u00bb _builder_version=\u00bb4.22.1&#8243; _module_preset=\u00bbdefault\u00bb background_image=\u00bbhttps:\/\/taxiure.com\/wp-content\/uploads\/2023\/08\/tax-and-iure-contacte-header.jpg\u00bb custom_padding=\u00bb159px||159px||false|false\u00bb custom_padding_tablet=\u00bb120px||120px||false|false\u00bb custom_padding_phone=\u00bb90px||90px||false|false\u00bb locked=\u00bboff\u00bb global_colors_info=\u00bb{}\u00bb][et_pb_row _builder_version=\u00bb4.22.1&#8243; _module_preset=\u00bbdefault\u00bb global_colors_info=\u00bb{}\u00bb][et_pb_column type=\u00bb4_4&#8243; _builder_version=\u00bb4.22.1&#8243; _module_preset=\u00bbdefault\u00bb global_colors_info=\u00bb{}\u00bb][et_pb_text _builder_version=\u00bb4.22.1&#8243; _dynamic_attributes=\u00bbcontent\u00bb _module_preset=\u00bbdefault\u00bb header_text_align=\u00bbcenter\u00bb header_text_color=\u00bb#FFFFFF\u00bb custom_margin=\u00bb0px||0px||false|false\u00bb custom_padding=\u00bb0px||0px||false|false\u00bb global_colors_info=\u00bb{}\u00bb]@ET-DC@eyJkeW5hbWljIjp0cnVlLCJjb250ZW50IjoicG9zdF90aXRsZSIsInNldHRpbmdzIjp7ImJlZm9yZSI6IjxoMSBjbGFzcz1cInVwcGVyY2FzZVwiPiIsImFmdGVyIjoiPFwvaDE+In19@[\/et_pb_text][et_pb_divider color=\u00bb#d9a43f\u00bb divider_weight=\u00bb2px\u00bb _builder_version=\u00bb4.22.1&#8243; _module_preset=\u00bbdefault\u00bb width=\u00bb207px\u00bb module_alignment=\u00bbcenter\u00bb height=\u00bb2px\u00bb custom_margin=\u00bb0px||0px||false|false\u00bb custom_padding=\u00bb0px||0px||false|false\u00bb global_colors_info=\u00bb{}\u00bb][\/et_pb_divider][\/et_pb_column][\/et_pb_row][\/et_pb_section][et_pb_section fb_built=\u00bb1&#8243; _builder_version=\u00bb4.22.1&#8243; _module_preset=\u00bbdefault\u00bb background_color=\u00bb#000000&#8243; custom_padding=\u00bb51px||51px||false|false\u00bb global_colors_info=\u00bb{}\u00bb][et_pb_row _builder_version=\u00bb4.22.1&#8243; _module_preset=\u00bbdefault\u00bb max_width=\u00bb960px\u00bb global_colors_info=\u00bb{}\u00bb][et_pb_column type=\u00bb4_4&#8243; _builder_version=\u00bb4.22.1&#8243; _module_preset=\u00bbdefault\u00bb global_colors_info=\u00bb{}\u00bb][et_pb_text _builder_version=\u00bb4.22.1&#8243; _module_preset=\u00bbdefault\u00bb text_text_color=\u00bb#FFFFFF\u00bb text_orientation=\u00bbcenter\u00bb custom_margin=\u00bb||40px||false|false\u00bb global_colors_info=\u00bb{}\u00bb]<\/p>\n<p>Si necesitas ayuda o quieres ponerte en contacto con nosotros, puedes hacerlo rellenando este formulario, envi\u00e1ndonos un correo electr\u00f3nico o llam\u00e1ndonos por tel\u00e9fono.<\/p>\n<p>[\/et_pb_text][et_pb_code module_class=\u00bbcontacte__formulari\u00bb _builder_version=\u00bb4.22.1&#8243; _module_preset=\u00bbdefault\u00bb custom_margin=\u00bb||80px||false|false\u00bb global_colors_info=\u00bb{}\u00bb]\n<div class=\"wpcf7 no-js\" id=\"wpcf7-f482-o1\" lang=\"es-ES\" dir=\"ltr\" data-wpcf7-id=\"482\">\n<div class=\"screen-reader-response\"><p role=\"status\" aria-live=\"polite\" aria-atomic=\"true\"><\/p> <ul><\/ul><\/div>\n<form action=\"\/es\/wp-json\/wp\/v2\/pages\/485#wpcf7-f482-o1\" method=\"post\" class=\"wpcf7-form init wpcf7-acceptance-as-validation\" aria-label=\"Formulario de contacto\" novalidate=\"novalidate\" data-status=\"init\">\n<fieldset class=\"hidden-fields-container\"><input type=\"hidden\" name=\"_wpcf7\" value=\"482\" \/><input type=\"hidden\" name=\"_wpcf7_version\" value=\"6.1.5\" \/><input type=\"hidden\" name=\"_wpcf7_locale\" value=\"es_ES\" \/><input type=\"hidden\" name=\"_wpcf7_unit_tag\" value=\"wpcf7-f482-o1\" \/><input type=\"hidden\" name=\"_wpcf7_container_post\" value=\"0\" \/><input type=\"hidden\" name=\"_wpcf7_posted_data_hash\" value=\"\" \/>\n<\/fieldset>\n<p><span class=\"wpcf7-form-control-wrap\" data-name=\"nom\"><input size=\"40\" maxlength=\"400\" class=\"wpcf7-form-control wpcf7-text wpcf7-validates-as-required\" autocomplete=\"name\" aria-required=\"true\" aria-invalid=\"false\" placeholder=\"Nombre y apellidos\" value=\"\" type=\"text\" name=\"nom\" \/><\/span><br \/>\n<span class=\"wpcf7-form-control-wrap\" data-name=\"empresa\"><input size=\"40\" maxlength=\"400\" class=\"wpcf7-form-control wpcf7-text wpcf7-validates-as-required\" aria-required=\"true\" aria-invalid=\"false\" placeholder=\"Empresa\" value=\"\" type=\"text\" name=\"empresa\" \/><\/span><br \/>\n<span class=\"wpcf7-form-control-wrap\" data-name=\"adreca\"><input size=\"40\" maxlength=\"400\" class=\"wpcf7-form-control wpcf7-text wpcf7-validates-as-required\" aria-required=\"true\" aria-invalid=\"false\" placeholder=\"Direcci\u00f3n\" value=\"\" type=\"text\" name=\"adreca\" \/><\/span><br \/>\n<span class=\"wpcf7-form-control-wrap\" data-name=\"email\"><input size=\"40\" maxlength=\"400\" class=\"wpcf7-form-control wpcf7-email wpcf7-validates-as-required wpcf7-text wpcf7-validates-as-email\" autocomplete=\"email\" aria-required=\"true\" aria-invalid=\"false\" placeholder=\"Correo electr\u00f3nico\" value=\"\" type=\"email\" name=\"email\" \/><\/span><br \/>\n<span class=\"wpcf7-form-control-wrap\" data-name=\"telefon\"><input size=\"40\" maxlength=\"400\" class=\"wpcf7-form-control wpcf7-tel wpcf7-validates-as-required wpcf7-text wpcf7-validates-as-tel\" aria-required=\"true\" aria-invalid=\"false\" placeholder=\"Tel\u00e9fono\" value=\"\" type=\"tel\" name=\"telefon\" \/><\/span><br \/>\n<span class=\"wpcf7-form-control-wrap\" data-name=\"missatge\"><textarea cols=\"40\" rows=\"10\" maxlength=\"2000\" class=\"wpcf7-form-control wpcf7-textarea wpcf7-validates-as-required\" aria-required=\"true\" aria-invalid=\"false\" placeholder=\"Mensaje\" name=\"missatge\"><\/textarea><\/span>\n<\/p>\n<div class=\"acordeon\">\n\t<p class=\"acordeon-boto\">Consentimiento para el tratamiento de datos personales<span class=\"dashicons dashicons-plus\"><\/span>\n\t<\/p>\n\t<div class=\"acordeon-contingut\" style=\"display: none;\">\n\t\t<p>De conformidad con las normativas de protecci\u00f3n de datos, le proporcionamos la siguiente informaci\u00f3n sobre el tratamiento:<br \/>\nResponsable: TAX & IURE ASSESSORS, SL.<br \/>\nFinalidades del tratamiento: mantener una relaci\u00f3n comercial y enviar comunicaciones sobre productos o servicios.<br \/>\nDerechos que posee: acceso, rectificaci\u00f3n, portabilidad, supresi\u00f3n, limitaci\u00f3n y oposici\u00f3n.<br \/>\nM\u00e1s informaci\u00f3n sobre el tratamiento en la <a href=\"https:\/\/taxiure.com\/es\/politica-de-privacidad\/\" target=\"_blank\">pol\u00edtica de privacidad<\/a>\n\t\t<\/p>\n\t<\/div>\n<\/div>\n<div class=\"formulari__acceptance\">\n\t<p><span class=\"wpcf7-form-control-wrap\" data-name=\"consentimiento\"><span class=\"wpcf7-form-control wpcf7-acceptance\"><span class=\"wpcf7-list-item\"><label><input type=\"checkbox\" name=\"consentimiento\" value=\"1\" aria-invalid=\"false\" \/><span class=\"wpcf7-list-item-label\">Acepto la <a href=\"https:\/\/taxiure.com\/es\/politica-de-privacidad\/\" target=\"_blank\">pol\u00edtica de privacidad<\/a><\/span><\/label><\/span><\/span><\/span>\n\t<\/p>\n<\/div>\n<div class=\"form__captcha\">\n\t<p>Captcha: <span class=\"wpcf7-form-control-wrap mathcaptcha-854\"><input size=\"2\" maxlength=\"2\" class=\"wpcf7-form-control wpcf7-mathcaptcha\" aria-required=\"true\" type=\"text\" name=\"mathcaptcha-854\" value=\"\" \/> &#8722; 5 = &#x31;<\/span><input type=\"hidden\" value=\"0\" name=\"mathcaptcha-854-sn\" \/>\n\t<\/p>\n<\/div>\n<div class=\"formulari__button\">\n\t<p><input class=\"wpcf7-form-control wpcf7-submit has-spinner boto-taronja-fondo-fosc\" type=\"submit\" value=\"Enviar\" \/>\n\t<\/p>\n<\/div><div class=\"wpcf7-response-output\" aria-hidden=\"true\"><\/div>\n<\/form>\n<\/div>\n[\/et_pb_code][et_pb_text _builder_version=\u00bb4.22.1&#8243; _module_preset=\u00bbdefault\u00bb text_text_color=\u00bb#FFFFFF\u00bb global_colors_info=\u00bb{}\u00bb]*La atenci\u00f3n a consultas informativas tiene un coste que se tendr\u00e1 que pagar previa consulta. Si se conciertan los servicios del profesional, se descontar\u00e1 de la minuta el precio previamente pagado por la consulta.[\/et_pb_text][\/et_pb_column][\/et_pb_row][\/et_pb_section][et_pb_section fb_built=\u00bb1&#8243; _builder_version=\u00bb4.22.1&#8243; _module_preset=\u00bbdefault\u00bb background_color=\u00bb#f2f2f2&#8243; custom_padding=\u00bb60px||60px||false|false\u00bb global_colors_info=\u00bb{}\u00bb][et_pb_row _builder_version=\u00bb4.22.1&#8243; _module_preset=\u00bbdefault\u00bb custom_padding=\u00bb0px||0px||false|false\u00bb global_colors_info=\u00bb{}\u00bb][et_pb_column type=\u00bb4_4&#8243; _builder_version=\u00bb4.22.1&#8243; _module_preset=\u00bbdefault\u00bb global_colors_info=\u00bb{}\u00bb][et_pb_text _builder_version=\u00bb4.22.1&#8243; _module_preset=\u00bbdefault\u00bb text_orientation=\u00bbcenter\u00bb custom_margin=\u00bb||20px||false|false\u00bb global_colors_info=\u00bb{}\u00bb]<\/p>\n<p class=\"h2 font-bold\">\u00a1Tax &#038; Iure Assessors somos y seremos siempre diferentes!<\/p>\n<p>[\/et_pb_text][et_pb_text _builder_version=\u00bb4.22.1&#8243; _module_preset=\u00bbdefault\u00bb text_font_size=\u00bb22px\u00bb text_orientation=\u00bbcenter\u00bb global_colors_info=\u00bb{}\u00bb]<\/p>\n<p class=\"font-medium\">Mucho m\u00e1s cercanos, mucho m\u00e1s implicados en tus proyectos.<\/p>\n<p>[\/et_pb_text][\/et_pb_column][\/et_pb_row][\/et_pb_section][et_pb_section fb_built=\u00bb1&#8243; _builder_version=\u00bb4.22.1&#8243; _module_preset=\u00bbdefault\u00bb custom_padding=\u00bb51px||51px||false|false\u00bb global_colors_info=\u00bb{}\u00bb][et_pb_row column_structure=\u00bb1_2,1_2&#8243; _builder_version=\u00bb4.22.1&#8243; _module_preset=\u00bbdefault\u00bb global_colors_info=\u00bb{}\u00bb][et_pb_column type=\u00bb1_2&#8243; _builder_version=\u00bb4.22.1&#8243; _module_preset=\u00bbdefault\u00bb global_colors_info=\u00bb{}\u00bb][et_pb_image src=\u00bbhttps:\/\/taxiure.com\/wp-content\/uploads\/2023\/08\/tax-and-iure-contacte-oficina.jpg\u00bb alt=\u00bbSala de reuniones Tax &amp; Iure\u00bb title_text=\u00bbtax-and-iure-contacte-oficina\u00bb align=\u00bbcenter\u00bb _builder_version=\u00bb4.22.1&#8243; _module_preset=\u00bbdefault\u00bb global_colors_info=\u00bb{}\u00bb][\/et_pb_image][\/et_pb_column][et_pb_column type=\u00bb1_2&#8243; _builder_version=\u00bb4.22.1&#8243; _module_preset=\u00bbdefault\u00bb global_colors_info=\u00bb{}\u00bb][et_pb_text _builder_version=\u00bb4.22.1&#8243; _module_preset=\u00bbdefault\u00bb text_font=\u00bb|700|||||||\u00bb custom_margin=\u00bb||60px||false|false\u00bb global_colors_info=\u00bb{}\u00bb]<\/p>\n<p>N\u00ba colegiado: ICAA Tortosa 874<\/p>\n<p>[\/et_pb_text][et_pb_code _builder_version=\u00bb4.24.2&#8243; _module_preset=\u00bbdefault\u00bb hover_enabled=\u00bb0&#8243; global_colors_info=\u00bb{}\u00bb sticky_enabled=\u00bb0&#8243;]<\/p>\n<div class=\"footer__dades-contacte\"><!-- [et_pb_line_break_holder] --><\/p>\n<div><!-- [et_pb_line_break_holder] --><!-- [et_pb_line_break_holder] -->Calle del Grau, n\u00ba. 4, 1\u00ba<\/div>\n<p><!-- [et_pb_line_break_holder] --><\/p>\n<div>\n<div>\u00a0<\/div>\n<p>43870 Amposta<\/p><\/div>\n<p><!-- [et_pb_line_break_holder] --><\/p>\n<div><!-- [et_pb_line_break_holder] --> <!-- [et_pb_line_break_holder] -->info@taxiure.com<\/div>\n<p><!-- [et_pb_line_break_holder] --><\/p>\n<div><!-- [et_pb_line_break_holder] --> <!-- [et_pb_line_break_holder] -->977 314 104<\/div>\n<p><!-- [et_pb_line_break_holder] --><\/p>\n<div><!-- [et_pb_line_break_holder] --> <!-- [et_pb_line_break_holder] -->684 413 326<\/div>\n<p><!-- [et_pb_line_break_holder] --><\/div>\n<p><!-- [et_pb_line_break_holder] --><\/p>\n<div class=\"footer__dades-horari\"><!-- [et_pb_line_break_holder] --><\/p>\n<div><!-- [et_pb_line_break_holder] --> <!-- [et_pb_line_break_holder] -->De lunes a viernes, de 10 a 14 h.<\/div>\n<p><!-- [et_pb_line_break_holder] --><\/p>\n<div>\n<div><!-- [et_pb_line_break_holder] --><\/div>\n<p>Tardes y s\u00e1bados por la ma\u00f1ana:<!\u2013- [et_pb_br_holder] -\u2013><!-- [et_pb_line_break_holder] -->solo con hora concertada.<\/div>\n<p><!-- [et_pb_line_break_holder] --><\/div>\n<p>[\/et_pb_code][\/et_pb_column][\/et_pb_row][\/et_pb_section]<\/p>\n","protected":false},"excerpt":{"rendered":"<p>Si necesitas ayuda o quieres ponerte en contacto con nosotros, puedes hacerlo rellenando este formulario, envi\u00e1ndonos un correo electr\u00f3nico o llam\u00e1ndonos por tel\u00e9fono.\n<div class=\"wpcf7 no-js\" id=\"wpcf7-f482-o2\" lang=\"es-ES\" dir=\"ltr\" data-wpcf7-id=\"482\">\n<div class=\"screen-reader-response\"><p role=\"status\" aria-live=\"polite\" aria-atomic=\"true\"><\/p> <ul><\/ul><\/div>\n<form action=\"\/es\/wp-json\/wp\/v2\/pages\/485#wpcf7-f482-o2\" method=\"post\" class=\"wpcf7-form init wpcf7-acceptance-as-validation\" aria-label=\"Formulario de contacto\" novalidate=\"novalidate\" data-status=\"init\">\n<fieldset class=\"hidden-fields-container\"><input type=\"hidden\" name=\"_wpcf7\" value=\"482\" \/><input type=\"hidden\" name=\"_wpcf7_version\" value=\"6.1.5\" \/><input type=\"hidden\" name=\"_wpcf7_locale\" value=\"es_ES\" \/><input type=\"hidden\" name=\"_wpcf7_unit_tag\" value=\"wpcf7-f482-o2\" \/><input type=\"hidden\" name=\"_wpcf7_container_post\" value=\"0\" \/><input type=\"hidden\" name=\"_wpcf7_posted_data_hash\" value=\"\" \/>\n<\/fieldset>\n<p><span class=\"wpcf7-form-control-wrap\" data-name=\"nom\"><input size=\"40\" maxlength=\"400\" class=\"wpcf7-form-control wpcf7-text wpcf7-validates-as-required\" autocomplete=\"name\" aria-required=\"true\" aria-invalid=\"false\" placeholder=\"Nombre y apellidos\" value=\"\" type=\"text\" name=\"nom\" \/><\/span><br \/>\n<span class=\"wpcf7-form-control-wrap\" data-name=\"empresa\"><input size=\"40\" maxlength=\"400\" class=\"wpcf7-form-control wpcf7-text wpcf7-validates-as-required\" aria-required=\"true\" aria-invalid=\"false\" placeholder=\"Empresa\" value=\"\" type=\"text\" name=\"empresa\" \/><\/span><br \/>\n<span class=\"wpcf7-form-control-wrap\" data-name=\"adreca\"><input size=\"40\" maxlength=\"400\" class=\"wpcf7-form-control wpcf7-text wpcf7-validates-as-required\" aria-required=\"true\" aria-invalid=\"false\" placeholder=\"Direcci\u00f3n\" value=\"\" type=\"text\" name=\"adreca\" \/><\/span><br \/>\n<span class=\"wpcf7-form-control-wrap\" data-name=\"email\"><input size=\"40\" maxlength=\"400\" class=\"wpcf7-form-control wpcf7-email wpcf7-validates-as-required wpcf7-text wpcf7-validates-as-email\" autocomplete=\"email\" aria-required=\"true\" aria-invalid=\"false\" placeholder=\"Correo electr\u00f3nico\" value=\"\" type=\"email\" name=\"email\" \/><\/span><br \/>\n<span class=\"wpcf7-form-control-wrap\" data-name=\"telefon\"><input size=\"40\" maxlength=\"400\" class=\"wpcf7-form-control wpcf7-tel wpcf7-validates-as-required wpcf7-text wpcf7-validates-as-tel\" aria-required=\"true\" aria-invalid=\"false\" placeholder=\"Tel\u00e9fono\" value=\"\" type=\"tel\" name=\"telefon\" \/><\/span><br \/>\n<span class=\"wpcf7-form-control-wrap\" data-name=\"missatge\"><textarea cols=\"40\" rows=\"10\" maxlength=\"2000\" class=\"wpcf7-form-control wpcf7-textarea wpcf7-validates-as-required\" aria-required=\"true\" aria-invalid=\"false\" placeholder=\"Mensaje\" name=\"missatge\"><\/textarea><\/span>\n<\/p>\n<div class=\"acordeon\">\n\t<p class=\"acordeon-boto\">Consentimiento para el tratamiento de datos personales<span class=\"dashicons dashicons-plus\"><\/span>\n\t<\/p>\n\t<div class=\"acordeon-contingut\" style=\"display: none;\">\n\t\t<p>De conformidad con las normativas de protecci\u00f3n de datos, le proporcionamos la siguiente informaci\u00f3n sobre el tratamiento:<br \/>\nResponsable: TAX & IURE ASSESSORS, SL.<br \/>\nFinalidades del tratamiento: mantener una relaci\u00f3n comercial y enviar comunicaciones sobre productos o servicios.<br \/>\nDerechos que posee: acceso, rectificaci\u00f3n, portabilidad, supresi\u00f3n, limitaci\u00f3n y oposici\u00f3n.<br \/>\nM\u00e1s informaci\u00f3n sobre el tratamiento en la <a href=\"https:\/\/taxiure.com\/es\/politica-de-privacidad\/\" target=\"_blank\">pol\u00edtica de privacidad<\/a>\n\t\t<\/p>\n\t<\/div>\n<\/div>\n<div class=\"formulari__acceptance\">\n\t<p><span class=\"wpcf7-form-control-wrap\" data-name=\"consentimiento\"><span class=\"wpcf7-form-control wpcf7-acceptance\"><span class=\"wpcf7-list-item\"><label><input type=\"checkbox\" name=\"consentimiento\" value=\"1\" aria-invalid=\"false\" \/><span class=\"wpcf7-list-item-label\">Acepto la <a href=\"https:\/\/taxiure.com\/es\/politica-de-privacidad\/\" target=\"_blank\">pol\u00edtica de privacidad<\/a><\/span><\/label><\/span><\/span><\/span>\n\t<\/p>\n<\/div>\n<div class=\"form__captcha\">\n\t<p>Captcha: <span class=\"wpcf7-form-control-wrap mathcaptcha-854\"><input size=\"2\" maxlength=\"2\" class=\"wpcf7-form-control wpcf7-mathcaptcha\" aria-required=\"true\" type=\"text\" name=\"mathcaptcha-854\" value=\"\" \/> &#8722; 3 = &#x37;<\/span><input type=\"hidden\" value=\"1\" name=\"mathcaptcha-854-sn\" \/>\n\t<\/p>\n<\/div>\n<div class=\"formulari__button\">\n\t<p><input class=\"wpcf7-form-control wpcf7-submit has-spinner boto-taronja-fondo-fosc\" type=\"submit\" value=\"Enviar\" \/>\n\t<\/p>\n<\/div><div class=\"wpcf7-response-output\" aria-hidden=\"true\"><\/div>\n<\/form>\n<\/div>\n*La atenci\u00f3n a consultas informativas tiene un coste que se tendr\u00e1 que pagar previa consulta. Si se conciertan los servicios del profesional, se descontar\u00e1 de la minuta el precio [&hellip;]<\/p>\n","protected":false},"author":3,"featured_media":0,"parent":0,"menu_order":0,"comment_status":"closed","ping_status":"closed","template":"","meta":{"_et_pb_use_builder":"on","_et_pb_old_content":"","_et_gb_content_width":"","footnotes":""},"class_list":["post-485","page","type-page","status-publish","hentry"],"yoast_head":"<!-- This site is optimized with the Yoast SEO plugin v27.4 - https:\/\/yoast.com\/product\/yoast-seo-wordpress\/ -->\n<title>Contacto Tax &amp; Iure<\/title>\n<meta name=\"description\" content=\"Si necesitas ayuda o quieres ponerte en contacto con nosotros, puedes hacerlo rellenando este formulario, envi\u00e1ndonos un correo electr\u00f3nico o llam\u00e1ndonos por tel\u00e9fono.\" \/>\n<meta name=\"robots\" content=\"index, follow, max-snippet:-1, max-image-preview:large, max-video-preview:-1\" \/>\n<link rel=\"canonical\" href=\"https:\/\/taxiure.com\/es\/contacto\/\" \/>\n<meta property=\"og:locale\" content=\"es_ES\" \/>\n<meta property=\"og:type\" content=\"article\" \/>\n<meta property=\"og:title\" content=\"Contacto Tax &amp; Iure\" \/>\n<meta property=\"og:description\" content=\"Si necesitas ayuda o quieres ponerte en contacto con nosotros, puedes hacerlo rellenando este formulario, envi\u00e1ndonos un correo electr\u00f3nico o llam\u00e1ndonos por tel\u00e9fono.\" \/>\n<meta property=\"og:url\" content=\"https:\/\/taxiure.com\/es\/contacto\/\" \/>\n<meta property=\"og:site_name\" content=\"Tax &amp; Iure\" \/>\n<meta property=\"article:modified_time\" content=\"2024-04-02T15:25:09+00:00\" \/>\n<meta name=\"twitter:card\" content=\"summary_large_image\" \/>\n<script type=\"application\/ld+json\" class=\"yoast-schema-graph\">{\"@context\":\"https:\\\/\\\/schema.org\",\"@graph\":[{\"@type\":\"WebPage\",\"@id\":\"https:\\\/\\\/taxiure.com\\\/es\\\/contacto\\\/\",\"url\":\"https:\\\/\\\/taxiure.com\\\/es\\\/contacto\\\/\",\"name\":\"Contacto Tax & Iure\",\"isPartOf\":{\"@id\":\"https:\\\/\\\/taxiure.com\\\/es\\\/#website\"},\"datePublished\":\"2023-08-28T16:36:23+00:00\",\"dateModified\":\"2024-04-02T15:25:09+00:00\",\"description\":\"Si necesitas ayuda o quieres ponerte en contacto con nosotros, puedes hacerlo rellenando este formulario, envi\u00e1ndonos un correo electr\u00f3nico o llam\u00e1ndonos por tel\u00e9fono.\",\"breadcrumb\":{\"@id\":\"https:\\\/\\\/taxiure.com\\\/es\\\/contacto\\\/#breadcrumb\"},\"inLanguage\":\"es\",\"potentialAction\":[{\"@type\":\"ReadAction\",\"target\":[\"https:\\\/\\\/taxiure.com\\\/es\\\/contacto\\\/\"]}]},{\"@type\":\"BreadcrumbList\",\"@id\":\"https:\\\/\\\/taxiure.com\\\/es\\\/contacto\\\/#breadcrumb\",\"itemListElement\":[{\"@type\":\"ListItem\",\"position\":1,\"name\":\"Portada\",\"item\":\"https:\\\/\\\/taxiure.com\\\/es\\\/home\\\/\"},{\"@type\":\"ListItem\",\"position\":2,\"name\":\"Contacto\"}]},{\"@type\":\"WebSite\",\"@id\":\"https:\\\/\\\/taxiure.com\\\/es\\\/#website\",\"url\":\"https:\\\/\\\/taxiure.com\\\/es\\\/\",\"name\":\"Tax &amp; Iure\",\"description\":\"\",\"publisher\":{\"@id\":\"https:\\\/\\\/taxiure.com\\\/es\\\/#organization\"},\"potentialAction\":[{\"@type\":\"SearchAction\",\"target\":{\"@type\":\"EntryPoint\",\"urlTemplate\":\"https:\\\/\\\/taxiure.com\\\/es\\\/?s={search_term_string}\"},\"query-input\":{\"@type\":\"PropertyValueSpecification\",\"valueRequired\":true,\"valueName\":\"search_term_string\"}}],\"inLanguage\":\"es\"},{\"@type\":\"Organization\",\"@id\":\"https:\\\/\\\/taxiure.com\\\/es\\\/#organization\",\"name\":\"Tax & Iure\",\"url\":\"https:\\\/\\\/taxiure.com\\\/es\\\/\",\"logo\":{\"@type\":\"ImageObject\",\"inLanguage\":\"es\",\"@id\":\"https:\\\/\\\/taxiure.com\\\/es\\\/#\\\/schema\\\/logo\\\/image\\\/\",\"url\":\"https:\\\/\\\/taxiure.com\\\/wp-content\\\/uploads\\\/2023\\\/08\\\/logo-tax-and-iure.png\",\"contentUrl\":\"https:\\\/\\\/taxiure.com\\\/wp-content\\\/uploads\\\/2023\\\/08\\\/logo-tax-and-iure.png\",\"width\":338,\"height\":70,\"caption\":\"Tax & Iure\"},\"image\":{\"@id\":\"https:\\\/\\\/taxiure.com\\\/es\\\/#\\\/schema\\\/logo\\\/image\\\/\"}}]}<\/script>\n<!-- \/ Yoast SEO plugin. -->","yoast_head_json":{"title":"Contacto Tax & Iure","description":"Si necesitas ayuda o quieres ponerte en contacto con nosotros, puedes hacerlo rellenando este formulario, envi\u00e1ndonos un correo electr\u00f3nico o llam\u00e1ndonos por tel\u00e9fono.","robots":{"index":"index","follow":"follow","max-snippet":"max-snippet:-1","max-image-preview":"max-image-preview:large","max-video-preview":"max-video-preview:-1"},"canonical":"https:\/\/taxiure.com\/es\/contacto\/","og_locale":"es_ES","og_type":"article","og_title":"Contacto Tax & Iure","og_description":"Si necesitas ayuda o quieres ponerte en contacto con nosotros, puedes hacerlo rellenando este formulario, envi\u00e1ndonos un correo electr\u00f3nico o llam\u00e1ndonos por tel\u00e9fono.","og_url":"https:\/\/taxiure.com\/es\/contacto\/","og_site_name":"Tax &amp; Iure","article_modified_time":"2024-04-02T15:25:09+00:00","twitter_card":"summary_large_image","schema":{"@context":"https:\/\/schema.org","@graph":[{"@type":"WebPage","@id":"https:\/\/taxiure.com\/es\/contacto\/","url":"https:\/\/taxiure.com\/es\/contacto\/","name":"Contacto Tax & Iure","isPartOf":{"@id":"https:\/\/taxiure.com\/es\/#website"},"datePublished":"2023-08-28T16:36:23+00:00","dateModified":"2024-04-02T15:25:09+00:00","description":"Si necesitas ayuda o quieres ponerte en contacto con nosotros, puedes hacerlo rellenando este formulario, envi\u00e1ndonos un correo electr\u00f3nico o llam\u00e1ndonos por tel\u00e9fono.","breadcrumb":{"@id":"https:\/\/taxiure.com\/es\/contacto\/#breadcrumb"},"inLanguage":"es","potentialAction":[{"@type":"ReadAction","target":["https:\/\/taxiure.com\/es\/contacto\/"]}]},{"@type":"BreadcrumbList","@id":"https:\/\/taxiure.com\/es\/contacto\/#breadcrumb","itemListElement":[{"@type":"ListItem","position":1,"name":"Portada","item":"https:\/\/taxiure.com\/es\/home\/"},{"@type":"ListItem","position":2,"name":"Contacto"}]},{"@type":"WebSite","@id":"https:\/\/taxiure.com\/es\/#website","url":"https:\/\/taxiure.com\/es\/","name":"Tax &amp; Iure","description":"","publisher":{"@id":"https:\/\/taxiure.com\/es\/#organization"},"potentialAction":[{"@type":"SearchAction","target":{"@type":"EntryPoint","urlTemplate":"https:\/\/taxiure.com\/es\/?s={search_term_string}"},"query-input":{"@type":"PropertyValueSpecification","valueRequired":true,"valueName":"search_term_string"}}],"inLanguage":"es"},{"@type":"Organization","@id":"https:\/\/taxiure.com\/es\/#organization","name":"Tax & Iure","url":"https:\/\/taxiure.com\/es\/","logo":{"@type":"ImageObject","inLanguage":"es","@id":"https:\/\/taxiure.com\/es\/#\/schema\/logo\/image\/","url":"https:\/\/taxiure.com\/wp-content\/uploads\/2023\/08\/logo-tax-and-iure.png","contentUrl":"https:\/\/taxiure.com\/wp-content\/uploads\/2023\/08\/logo-tax-and-iure.png","width":338,"height":70,"caption":"Tax & Iure"},"image":{"@id":"https:\/\/taxiure.com\/es\/#\/schema\/logo\/image\/"}}]}},"_links":{"self":[{"href":"https:\/\/taxiure.com\/es\/wp-json\/wp\/v2\/pages\/485","targetHints":{"allow":["GET"]}}],"collection":[{"href":"https:\/\/taxiure.com\/es\/wp-json\/wp\/v2\/pages"}],"about":[{"href":"https:\/\/taxiure.com\/es\/wp-json\/wp\/v2\/types\/page"}],"author":[{"embeddable":true,"href":"https:\/\/taxiure.com\/es\/wp-json\/wp\/v2\/users\/3"}],"replies":[{"embeddable":true,"href":"https:\/\/taxiure.com\/es\/wp-json\/wp\/v2\/comments?post=485"}],"version-history":[{"count":4,"href":"https:\/\/taxiure.com\/es\/wp-json\/wp\/v2\/pages\/485\/revisions"}],"predecessor-version":[{"id":606,"href":"https:\/\/taxiure.com\/es\/wp-json\/wp\/v2\/pages\/485\/revisions\/606"}],"wp:attachment":[{"href":"https:\/\/taxiure.com\/es\/wp-json\/wp\/v2\/media?parent=485"}],"curies":[{"name":"wp","href":"https:\/\/api.w.org\/{rel}","templated":true}]}}