{"id":494,"date":"2023-08-29T12:21:34","date_gmt":"2023-08-29T10:21:34","guid":{"rendered":"https:\/\/taxiure.com\/asesoria-laboral\/"},"modified":"2023-09-18T17:58:00","modified_gmt":"2023-09-18T15:58:00","slug":"asesoria-laboral","status":"publish","type":"page","link":"https:\/\/taxiure.com\/es\/servicios\/asesoria-laboral\/","title":{"rendered":"Asesor\u00eda laboral"},"content":{"rendered":"<p>[et_pb_section fb_built=\u00bb1&#8243; custom_padding_last_edited=\u00bbon|phone\u00bb _builder_version=\u00bb4.22.1&#8243; _module_preset=\u00bbdefault\u00bb background_image=\u00bbhttps:\/\/taxiure.com\/wp-content\/uploads\/2023\/08\/tax-and-iure-qui-som-header.jpg\u00bb custom_padding=\u00bb163px||163px||true|false\u00bb custom_padding_tablet=\u00bb120px||120px||false|false\u00bb custom_padding_phone=\u00bb90px||90px||false|false\u00bb locked=\u00bboff\u00bb global_colors_info=\u00bb{}\u00bb][et_pb_row _builder_version=\u00bb4.22.1&#8243; _module_preset=\u00bbdefault\u00bb global_colors_info=\u00bb{}\u00bb][et_pb_column type=\u00bb4_4&#8243; _builder_version=\u00bb4.22.1&#8243; _module_preset=\u00bbdefault\u00bb global_colors_info=\u00bb{}\u00bb][et_pb_text _builder_version=\u00bb4.22.1&#8243; _module_preset=\u00bbdefault\u00bb text_text_color=\u00bb#FFFFFF\u00bb header_text_align=\u00bbcenter\u00bb header_text_color=\u00bb#FFFFFF\u00bb text_orientation=\u00bbcenter\u00bb custom_margin=\u00bb0px||0px||false|false\u00bb custom_padding=\u00bb0px||0px||false|false\u00bb global_colors_info=\u00bb{}\u00bb]<\/p>\n<p class=\"h1 uppercase\">Asesor\u00eda laboral<\/p>\n<p>[\/et_pb_text][et_pb_divider color=\u00bb#d9a43f\u00bb divider_weight=\u00bb2px\u00bb _builder_version=\u00bb4.22.1&#8243; _module_preset=\u00bbdefault\u00bb width=\u00bb207px\u00bb module_alignment=\u00bbcenter\u00bb height=\u00bb2px\u00bb custom_margin=\u00bb0px||0px||false|false\u00bb custom_padding=\u00bb0px||0px||false|false\u00bb global_colors_info=\u00bb{}\u00bb][\/et_pb_divider][\/et_pb_column][\/et_pb_row][\/et_pb_section][et_pb_section fb_built=\u00bb1&#8243; _builder_version=\u00bb4.22.1&#8243; _module_preset=\u00bbdefault\u00bb custom_padding=\u00bb51px||51px||false|false\u00bb global_colors_info=\u00bb{}\u00bb][et_pb_row _builder_version=\u00bb4.22.1&#8243; _module_preset=\u00bbdefault\u00bb global_colors_info=\u00bb{}\u00bb][et_pb_column type=\u00bb4_4&#8243; _builder_version=\u00bb4.22.1&#8243; _module_preset=\u00bbdefault\u00bb global_colors_info=\u00bb{}\u00bb][et_pb_text _builder_version=\u00bb4.22.1&#8243; _module_preset=\u00bbdefault\u00bb header_text_align=\u00bbcenter\u00bb header_2_text_align=\u00bbcenter\u00bb global_colors_info=\u00bb{}\u00bb]<\/p>\n<h1 class=\"h2\">Asesor\u00eda laboral para aut\u00f3nomos<\/h1>\n<p>[\/et_pb_text][\/et_pb_column][\/et_pb_row][et_pb_row column_structure=\u00bb1_2,1_2&#8243; use_custom_gutter=\u00bbon\u00bb gutter_width=\u00bb1&#8243; make_equal=\u00bbon\u00bb module_class=\u00bbserveis__fiscal\u00bb _builder_version=\u00bb4.22.1&#8243; _module_preset=\u00bbdefault\u00bb background_color=\u00bb#f2f2f2&#8243; width=\u00bb100%\u00bb max_width=\u00bb100%\u00bb custom_padding=\u00bb0px||0px||false|false\u00bb global_colors_info=\u00bb{}\u00bb][et_pb_column type=\u00bb1_2&#8243; module_class=\u00bbwidth-585 width-585-left\u00bb _builder_version=\u00bb4.22.1&#8243; _module_preset=\u00bbdefault\u00bb custom_padding=\u00bb100px|40px|100px|15px|true|false\u00bb custom_padding_tablet=\u00bb90px|0px|90px|0px|true|false\u00bb custom_padding_phone=\u00bb80px||80px||true|false\u00bb custom_padding_last_edited=\u00bbon|phone\u00bb global_colors_info=\u00bb{}\u00bb][et_pb_text _builder_version=\u00bb4.22.1&#8243; _module_preset=\u00bbdefault\u00bb global_colors_info=\u00bb{}\u00bb]<\/p>\n<p>Nuestros servicios de <strong>asesor\u00eda laboral<\/strong> para aut\u00f3nomos est\u00e1n dise\u00f1ados para ofrecer soluciones adaptadas a cada necesidad. Sabemos que el mundo laboral puede ser complejo y, por eso, estamos aqu\u00ed para guiarte en todo momento.<\/p>\n<p>Desde Tax &#038; Iure te ayudamos a gestionar las <strong>altas y bajas laborales<\/strong> de aut\u00f3nomos, adapt\u00e1ndonos a tus necesidades espec\u00edficas. Somos expertos en todo lo que se refiere a las situaciones de bajas por enfermedad o prejubilaci\u00f3n para aut\u00f3nomos y te ofrecemos asesoramiento personalizado para que tomes las mejores decisiones.<\/p>\n<p>[\/et_pb_text][\/et_pb_column][et_pb_column type=\u00bb1_2&#8243; _builder_version=\u00bb4.22.1&#8243; _module_preset=\u00bbdefault\u00bb background_image=\u00bbhttps:\/\/taxiure.com\/wp-content\/uploads\/2023\/08\/tax-and-iure-assessoria-laboral-1.jpg\u00bb global_colors_info=\u00bb{}\u00bb][et_pb_image src=\u00bbhttps:\/\/taxiure.com\/wp-content\/uploads\/2023\/08\/tax-and-iure-assessoria-laboral-1.jpg\u00bb title_text=\u00bbtax-and-iure-assessoria-laboral-1&#8243; align=\u00bbcenter\u00bb disabled_on=\u00bboff|off|on\u00bb _builder_version=\u00bb4.22.1&#8243; _module_preset=\u00bbdefault\u00bb hover_enabled=\u00bb0&#8243; global_colors_info=\u00bb{}\u00bb alt=\u00bbAsesoramiento laboral Tax &amp; Iure\u00bb sticky_enabled=\u00bb0&#8243;][\/et_pb_image][\/et_pb_column][\/et_pb_row][et_pb_row column_structure=\u00bb1_2,1_2&#8243; custom_padding_last_edited=\u00bbon|tablet\u00bb module_class=\u00bbcolumn-reverse\u00bb _builder_version=\u00bb4.22.1&#8243; _module_preset=\u00bbdefault\u00bb custom_padding=\u00bb80px||||false|false\u00bb custom_padding_tablet=\u00bb||15px||false|false\u00bb custom_padding_phone=\u00bb||15px||false|false\u00bb global_colors_info=\u00bb{}\u00bb][et_pb_column type=\u00bb1_2&#8243; _builder_version=\u00bb4.22.1&#8243; _module_preset=\u00bbdefault\u00bb global_colors_info=\u00bb{}\u00bb custom_css_main_element_last_edited=\u00bbon|tablet\u00bb custom_css_main_element_tablet=\u00bbmargin-bottom: 0;\u00bb custom_css_main_element_phone=\u00bbmargin-bottom: 0;\u00bb][et_pb_image src=\u00bbhttps:\/\/taxiure.com\/wp-content\/uploads\/2023\/08\/tax-and-iure-assessoria-laboral-2.jpg\u00bb title_text=\u00bbtax-and-iure-assessoria-laboral-2&#8243; align=\u00bbright\u00bb align_tablet=\u00bbcenter\u00bb align_phone=\u00bbcenter\u00bb align_last_edited=\u00bbon|tablet\u00bb _builder_version=\u00bb4.22.1&#8243; _module_preset=\u00bbdefault\u00bb custom_margin_tablet=\u00bb||0px||false|false\u00bb custom_margin_phone=\u00bb||0px||false|false\u00bb custom_margin_last_edited=\u00bbon|tablet\u00bb hover_enabled=\u00bb0&#8243; global_colors_info=\u00bb{}\u00bb sticky_enabled=\u00bb0&#8243; alt=\u00bbservicio jur\u00eddico laboral\u00bb][\/et_pb_image][\/et_pb_column][et_pb_column type=\u00bb1_2&#8243; _builder_version=\u00bb4.22.1&#8243; _module_preset=\u00bbdefault\u00bb custom_padding_tablet=\u00bb||40px||false|false\u00bb custom_padding_phone=\u00bb||40px||false|false\u00bb custom_padding_last_edited=\u00bbon|tablet\u00bb global_colors_info=\u00bb{}\u00bb][et_pb_text _builder_version=\u00bb4.22.1&#8243; _module_preset=\u00bbdefault\u00bb global_colors_info=\u00bb{}\u00bb]<\/p>\n<h2>Apoyo legal<\/h2>\n<p>[\/et_pb_text][et_pb_text _builder_version=\u00bb4.22.1&#8243; _module_preset=\u00bbdefault\u00bb global_colors_info=\u00bb{}\u00bb]<\/p>\n<p>No solo te ayudamos en todos los tr\u00e1mites relacionados con tu estatuto de aut\u00f3nomo, desde la interpretaci\u00f3n de la normativa vigente hasta la resoluci\u00f3n de cualquier conflicto, sino incluso en la prestaci\u00f3n de un servicio jur\u00eddico laboral preventivo encaminado a evitar agravios superiores por la relaci\u00f3n con tus trabajadores. Y es que sabemos perfectamente que la mejor manera de resolver un conflicto laboral es evit\u00e1ndolo y gestion\u00e1ndolo antes de que se incremente.<\/p>\n<p>Si eres trabajador y tienes un problema con tu empresa o con la Seguridad Social, te ofrecemos nuestros servicios de asesor\u00eda jur\u00eddica para poner manos a la obra y solucionar el problema.<\/p>\n<p>No importa cu\u00e1l sea tu sector de actividad, en Tax &#038; Iure estamos preparados para ofrecerte el apoyo y asesoramiento que necesitas. Para que puedas concentrarte en lo que realmente importa: hacer crecer tu negocio.<\/p>\n<p>Recuerda, en Tax &#038; Iure estamos a tu lado. La asesor\u00eda laboral para aut\u00f3nomos, empresas y trabajadores que mereces.<\/p>\n<p>[\/et_pb_text][\/et_pb_column][\/et_pb_row][\/et_pb_section][et_pb_section fb_built=\u00bb1&#8243; custom_padding_last_edited=\u00bbon|phone\u00bb _builder_version=\u00bb4.22.1&#8243; _module_preset=\u00bbdefault\u00bb background_image=\u00bbhttps:\/\/taxiure.com\/wp-content\/uploads\/2023\/08\/cta-contacte-background.jpg\u00bb custom_padding=\u00bb100px||100px||false|false\u00bb custom_padding_tablet=\u00bb90px||90px||false|false\u00bb custom_padding_phone=\u00bb80px||80px||false|false\u00bb locked=\u00bboff\u00bb global_colors_info=\u00bb{}\u00bb][et_pb_row _builder_version=\u00bb4.22.1&#8243; _module_preset=\u00bbdefault\u00bb global_colors_info=\u00bb{}\u00bb][et_pb_column type=\u00bb4_4&#8243; _builder_version=\u00bb4.22.1&#8243; _module_preset=\u00bbdefault\u00bb global_colors_info=\u00bb{}\u00bb][et_pb_text _builder_version=\u00bb4.22.1&#8243; _module_preset=\u00bbdefault\u00bb text_text_color=\u00bb#FFFFFF\u00bb text_font_size=\u00bb22px\u00bb text_orientation=\u00bbcenter\u00bb custom_margin=\u00bb||40px||false|false\u00bb global_colors_info=\u00bb{}\u00bb]<\/p>\n<p class=\"font-medium\">Si necesitas ayuda o quieres que te asesoremos, contacta con nosotros<\/p>\n<p>[\/et_pb_text][et_pb_button button_text=\u00bbContactar\u00bb button_alignment=\u00bbcenter\u00bb module_class=\u00bbbutton-border-white-hover\u00bb _builder_version=\u00bb4.22.1&#8243; _module_preset=\u00bbdefault\u00bb custom_button=\u00bbon\u00bb global_colors_info=\u00bb{}\u00bb button_border_color__hover_enabled=\u00bbon|hover\u00bb button_border_color__hover=\u00bb#FFFFFF\u00bb custom_css_main_element__hover_enabled=\u00bbon|hover\u00bb][\/et_pb_button][\/et_pb_column][\/et_pb_row][\/et_pb_section]<\/p>\n","protected":false},"excerpt":{"rendered":"<p>Asesor\u00eda laboralAsesor\u00eda laboral para aut\u00f3nomosNuestros servicios de asesor\u00eda laboral para aut\u00f3nomos est\u00e1n dise\u00f1ados para ofrecer soluciones adaptadas a cada necesidad. Sabemos que el mundo laboral puede ser complejo y, por eso, estamos aqu\u00ed para guiarte en todo momento. Desde Tax &#038; Iure te ayudamos a gestionar las altas y bajas laborales de aut\u00f3nomos, adapt\u00e1ndonos a [&hellip;]<\/p>\n","protected":false},"author":3,"featured_media":0,"parent":503,"menu_order":0,"comment_status":"closed","ping_status":"closed","template":"","meta":{"_et_pb_use_builder":"on","_et_pb_old_content":"","_et_gb_content_width":"","footnotes":""},"class_list":["post-494","page","type-page","status-publish","hentry"],"yoast_head":"<!-- This site is optimized with the Yoast SEO plugin v27.5 - https:\/\/yoast.com\/product\/yoast-seo-wordpress\/ -->\n<title>Asesor\u00eda laboral para aut\u00f3nomos Tax &amp; Iure<\/title>\n<meta name=\"description\" content=\"Te ofrecemos servicios de asesor\u00eda laboral para ayudarte en todos los tr\u00e1mites de aut\u00f3nomos e incluso servicio jur\u00eddico laboral preventivo.\" \/>\n<meta name=\"robots\" content=\"index, follow, max-snippet:-1, max-image-preview:large, max-video-preview:-1\" \/>\n<link rel=\"canonical\" href=\"https:\/\/taxiure.com\/es\/servicios\/asesoria-laboral\/\" \/>\n<meta property=\"og:locale\" content=\"es_ES\" \/>\n<meta property=\"og:type\" content=\"article\" \/>\n<meta property=\"og:title\" content=\"Asesor\u00eda laboral para aut\u00f3nomos Tax &amp; Iure\" \/>\n<meta property=\"og:description\" content=\"Te ofrecemos servicios de asesor\u00eda laboral para ayudarte en todos los tr\u00e1mites de aut\u00f3nomos e incluso servicio jur\u00eddico laboral preventivo.\" \/>\n<meta property=\"og:url\" content=\"https:\/\/taxiure.com\/es\/servicios\/asesoria-laboral\/\" \/>\n<meta property=\"og:site_name\" content=\"Tax &amp; Iure\" \/>\n<meta property=\"article:modified_time\" content=\"2023-09-18T15:58:00+00:00\" \/>\n<meta name=\"twitter:card\" content=\"summary_large_image\" \/>\n<script type=\"application\/ld+json\" class=\"yoast-schema-graph\">{\"@context\":\"https:\\\/\\\/schema.org\",\"@graph\":[{\"@type\":\"WebPage\",\"@id\":\"https:\\\/\\\/taxiure.com\\\/es\\\/servicios\\\/asesoria-laboral\\\/\",\"url\":\"https:\\\/\\\/taxiure.com\\\/es\\\/servicios\\\/asesoria-laboral\\\/\",\"name\":\"Asesor\u00eda laboral para aut\u00f3nomos Tax & Iure\",\"isPartOf\":{\"@id\":\"https:\\\/\\\/taxiure.com\\\/es\\\/#website\"},\"datePublished\":\"2023-08-29T10:21:34+00:00\",\"dateModified\":\"2023-09-18T15:58:00+00:00\",\"description\":\"Te ofrecemos servicios de asesor\u00eda laboral para ayudarte en todos los tr\u00e1mites de aut\u00f3nomos e incluso servicio jur\u00eddico laboral preventivo.\",\"breadcrumb\":{\"@id\":\"https:\\\/\\\/taxiure.com\\\/es\\\/servicios\\\/asesoria-laboral\\\/#breadcrumb\"},\"inLanguage\":\"es\",\"potentialAction\":[{\"@type\":\"ReadAction\",\"target\":[\"https:\\\/\\\/taxiure.com\\\/es\\\/servicios\\\/asesoria-laboral\\\/\"]}]},{\"@type\":\"BreadcrumbList\",\"@id\":\"https:\\\/\\\/taxiure.com\\\/es\\\/servicios\\\/asesoria-laboral\\\/#breadcrumb\",\"itemListElement\":[{\"@type\":\"ListItem\",\"position\":1,\"name\":\"Portada\",\"item\":\"https:\\\/\\\/taxiure.com\\\/es\\\/home\\\/\"},{\"@type\":\"ListItem\",\"position\":2,\"name\":\"Servicios\",\"item\":\"https:\\\/\\\/taxiure.com\\\/es\\\/servicios\\\/\"},{\"@type\":\"ListItem\",\"position\":3,\"name\":\"Asesor\u00eda laboral\"}]},{\"@type\":\"WebSite\",\"@id\":\"https:\\\/\\\/taxiure.com\\\/es\\\/#website\",\"url\":\"https:\\\/\\\/taxiure.com\\\/es\\\/\",\"name\":\"Tax &amp; Iure\",\"description\":\"\",\"publisher\":{\"@id\":\"https:\\\/\\\/taxiure.com\\\/es\\\/#organization\"},\"potentialAction\":[{\"@type\":\"SearchAction\",\"target\":{\"@type\":\"EntryPoint\",\"urlTemplate\":\"https:\\\/\\\/taxiure.com\\\/es\\\/?s={search_term_string}\"},\"query-input\":{\"@type\":\"PropertyValueSpecification\",\"valueRequired\":true,\"valueName\":\"search_term_string\"}}],\"inLanguage\":\"es\"},{\"@type\":\"Organization\",\"@id\":\"https:\\\/\\\/taxiure.com\\\/es\\\/#organization\",\"name\":\"Tax & Iure\",\"url\":\"https:\\\/\\\/taxiure.com\\\/es\\\/\",\"logo\":{\"@type\":\"ImageObject\",\"inLanguage\":\"es\",\"@id\":\"https:\\\/\\\/taxiure.com\\\/es\\\/#\\\/schema\\\/logo\\\/image\\\/\",\"url\":\"https:\\\/\\\/taxiure.com\\\/wp-content\\\/uploads\\\/2023\\\/08\\\/logo-tax-and-iure.png\",\"contentUrl\":\"https:\\\/\\\/taxiure.com\\\/wp-content\\\/uploads\\\/2023\\\/08\\\/logo-tax-and-iure.png\",\"width\":338,\"height\":70,\"caption\":\"Tax & Iure\"},\"image\":{\"@id\":\"https:\\\/\\\/taxiure.com\\\/es\\\/#\\\/schema\\\/logo\\\/image\\\/\"}}]}<\/script>\n<!-- \/ Yoast SEO plugin. -->","yoast_head_json":{"title":"Asesor\u00eda laboral para aut\u00f3nomos Tax & Iure","description":"Te ofrecemos servicios de asesor\u00eda laboral para ayudarte en todos los tr\u00e1mites de aut\u00f3nomos e incluso servicio jur\u00eddico laboral preventivo.","robots":{"index":"index","follow":"follow","max-snippet":"max-snippet:-1","max-image-preview":"max-image-preview:large","max-video-preview":"max-video-preview:-1"},"canonical":"https:\/\/taxiure.com\/es\/servicios\/asesoria-laboral\/","og_locale":"es_ES","og_type":"article","og_title":"Asesor\u00eda laboral para aut\u00f3nomos Tax & Iure","og_description":"Te ofrecemos servicios de asesor\u00eda laboral para ayudarte en todos los tr\u00e1mites de aut\u00f3nomos e incluso servicio jur\u00eddico laboral preventivo.","og_url":"https:\/\/taxiure.com\/es\/servicios\/asesoria-laboral\/","og_site_name":"Tax &amp; Iure","article_modified_time":"2023-09-18T15:58:00+00:00","twitter_card":"summary_large_image","schema":{"@context":"https:\/\/schema.org","@graph":[{"@type":"WebPage","@id":"https:\/\/taxiure.com\/es\/servicios\/asesoria-laboral\/","url":"https:\/\/taxiure.com\/es\/servicios\/asesoria-laboral\/","name":"Asesor\u00eda laboral para aut\u00f3nomos Tax & Iure","isPartOf":{"@id":"https:\/\/taxiure.com\/es\/#website"},"datePublished":"2023-08-29T10:21:34+00:00","dateModified":"2023-09-18T15:58:00+00:00","description":"Te ofrecemos servicios de asesor\u00eda laboral para ayudarte en todos los tr\u00e1mites de aut\u00f3nomos e incluso servicio jur\u00eddico laboral preventivo.","breadcrumb":{"@id":"https:\/\/taxiure.com\/es\/servicios\/asesoria-laboral\/#breadcrumb"},"inLanguage":"es","potentialAction":[{"@type":"ReadAction","target":["https:\/\/taxiure.com\/es\/servicios\/asesoria-laboral\/"]}]},{"@type":"BreadcrumbList","@id":"https:\/\/taxiure.com\/es\/servicios\/asesoria-laboral\/#breadcrumb","itemListElement":[{"@type":"ListItem","position":1,"name":"Portada","item":"https:\/\/taxiure.com\/es\/home\/"},{"@type":"ListItem","position":2,"name":"Servicios","item":"https:\/\/taxiure.com\/es\/servicios\/"},{"@type":"ListItem","position":3,"name":"Asesor\u00eda laboral"}]},{"@type":"WebSite","@id":"https:\/\/taxiure.com\/es\/#website","url":"https:\/\/taxiure.com\/es\/","name":"Tax &amp; Iure","description":"","publisher":{"@id":"https:\/\/taxiure.com\/es\/#organization"},"potentialAction":[{"@type":"SearchAction","target":{"@type":"EntryPoint","urlTemplate":"https:\/\/taxiure.com\/es\/?s={search_term_string}"},"query-input":{"@type":"PropertyValueSpecification","valueRequired":true,"valueName":"search_term_string"}}],"inLanguage":"es"},{"@type":"Organization","@id":"https:\/\/taxiure.com\/es\/#organization","name":"Tax & Iure","url":"https:\/\/taxiure.com\/es\/","logo":{"@type":"ImageObject","inLanguage":"es","@id":"https:\/\/taxiure.com\/es\/#\/schema\/logo\/image\/","url":"https:\/\/taxiure.com\/wp-content\/uploads\/2023\/08\/logo-tax-and-iure.png","contentUrl":"https:\/\/taxiure.com\/wp-content\/uploads\/2023\/08\/logo-tax-and-iure.png","width":338,"height":70,"caption":"Tax & Iure"},"image":{"@id":"https:\/\/taxiure.com\/es\/#\/schema\/logo\/image\/"}}]}},"_links":{"self":[{"href":"https:\/\/taxiure.com\/es\/wp-json\/wp\/v2\/pages\/494","targetHints":{"allow":["GET"]}}],"collection":[{"href":"https:\/\/taxiure.com\/es\/wp-json\/wp\/v2\/pages"}],"about":[{"href":"https:\/\/taxiure.com\/es\/wp-json\/wp\/v2\/types\/page"}],"author":[{"embeddable":true,"href":"https:\/\/taxiure.com\/es\/wp-json\/wp\/v2\/users\/3"}],"replies":[{"embeddable":true,"href":"https:\/\/taxiure.com\/es\/wp-json\/wp\/v2\/comments?post=494"}],"version-history":[{"count":7,"href":"https:\/\/taxiure.com\/es\/wp-json\/wp\/v2\/pages\/494\/revisions"}],"predecessor-version":[{"id":601,"href":"https:\/\/taxiure.com\/es\/wp-json\/wp\/v2\/pages\/494\/revisions\/601"}],"up":[{"embeddable":true,"href":"https:\/\/taxiure.com\/es\/wp-json\/wp\/v2\/pages\/503"}],"wp:attachment":[{"href":"https:\/\/taxiure.com\/es\/wp-json\/wp\/v2\/media?parent=494"}],"curies":[{"name":"wp","href":"https:\/\/api.w.org\/{rel}","templated":true}]}}