{"id":497,"date":"2023-08-29T12:20:41","date_gmt":"2023-08-29T10:20:41","guid":{"rendered":"https:\/\/taxiure.com\/asesoria-juridica\/"},"modified":"2023-08-31T15:43:59","modified_gmt":"2023-08-31T13:43:59","slug":"asesoria-juridica","status":"publish","type":"page","link":"https:\/\/taxiure.com\/es\/servicios\/asesoria-juridica\/","title":{"rendered":"Asesor\u00eda jur\u00eddica"},"content":{"rendered":"<p>[et_pb_section fb_built=\u00bb1&#8243; custom_padding_last_edited=\u00bbon|phone\u00bb _builder_version=\u00bb4.22.1&#8243; _module_preset=\u00bbdefault\u00bb background_image=\u00bbhttps:\/\/taxiure.com\/wp-content\/uploads\/2023\/08\/tax-and-iure-assessoria-juridica-header.jpg\u00bb custom_padding=\u00bb164px||164px||false|false\u00bb custom_padding_tablet=\u00bb120px||120px||false|false\u00bb custom_padding_phone=\u00bb90px||90px||false|false\u00bb hover_enabled=\u00bb0&#8243; locked=\u00bboff\u00bb global_colors_info=\u00bb{}\u00bb title_text=\u00bbtax-and-iure-assessoria-juridica-header\u00bb sticky_enabled=\u00bb0&#8243;][et_pb_row _builder_version=\u00bb4.22.1&#8243; _module_preset=\u00bbdefault\u00bb global_colors_info=\u00bb{}\u00bb][et_pb_column type=\u00bb4_4&#8243; _builder_version=\u00bb4.22.1&#8243; _module_preset=\u00bbdefault\u00bb global_colors_info=\u00bb{}\u00bb][et_pb_text _builder_version=\u00bb4.22.1&#8243; _module_preset=\u00bbdefault\u00bb text_text_color=\u00bb#FFFFFF\u00bb header_text_align=\u00bbcenter\u00bb header_text_color=\u00bb#FFFFFF\u00bb text_orientation=\u00bbcenter\u00bb custom_margin=\u00bb0px||0px||false|false\u00bb custom_padding=\u00bb0px||0px||false|false\u00bb hover_enabled=\u00bb0&#8243; global_colors_info=\u00bb{}\u00bb sticky_enabled=\u00bb0&#8243;]<\/p>\n<p class=\"h1 uppercase\">Asesor\u00eda jur\u00eddica<\/p>\n<p>[\/et_pb_text][et_pb_divider color=\u00bb#d9a43f\u00bb divider_weight=\u00bb2px\u00bb _builder_version=\u00bb4.22.1&#8243; _module_preset=\u00bbdefault\u00bb width=\u00bb207px\u00bb module_alignment=\u00bbcenter\u00bb height=\u00bb2px\u00bb custom_margin=\u00bb0px||0px||false|false\u00bb custom_padding=\u00bb0px||0px||false|false\u00bb global_colors_info=\u00bb{}\u00bb][\/et_pb_divider][\/et_pb_column][\/et_pb_row][\/et_pb_section][et_pb_section fb_built=\u00bb1&#8243; _builder_version=\u00bb4.22.1&#8243; _module_preset=\u00bbdefault\u00bb background_color=\u00bb#f2f2f2&#8243; custom_padding=\u00bb51px||51px||false|false\u00bb global_colors_info=\u00bb{}\u00bb][et_pb_row _builder_version=\u00bb4.22.1&#8243; _module_preset=\u00bbdefault\u00bb max_width=\u00bb960px\u00bb global_colors_info=\u00bb{}\u00bb][et_pb_column type=\u00bb4_4&#8243; _builder_version=\u00bb4.22.1&#8243; _module_preset=\u00bbdefault\u00bb global_colors_info=\u00bb{}\u00bb][et_pb_text _builder_version=\u00bb4.22.1&#8243; _module_preset=\u00bbdefault\u00bb header_text_align=\u00bbcenter\u00bb header_2_text_align=\u00bbcenter\u00bb hover_enabled=\u00bb0&#8243; global_colors_info=\u00bb{}\u00bb sticky_enabled=\u00bb0&#8243;]<\/p>\n<h1 class=\"h2 font-bold\">Servicios jur\u00eddicos y abogac\u00eda<\/h1>\n<p>[\/et_pb_text][et_pb_text _builder_version=\u00bb4.22.1&#8243; _module_preset=\u00bbdefault\u00bb text_orientation=\u00bbcenter\u00bb hover_enabled=\u00bb0&#8243; global_colors_info=\u00bb{}\u00bb sticky_enabled=\u00bb0&#8243;]<\/p>\n<p>Nuestros servicios de <strong>asesor\u00eda jur\u00eddica<\/strong> est\u00e1n dise\u00f1ados para ofrecer soluciones adaptadas a tus necesidades espec\u00edficas. En Tax &#038; Iure estamos especializados en derecho concursal, derecho de empresa y derecho tributario y queremos ayudarte a resolver los problemas legales con eficacia y profesionalidad.<\/p>\n<p>[\/et_pb_text][\/et_pb_column][\/et_pb_row][\/et_pb_section][et_pb_section fb_built=\u00bb1&#8243; _builder_version=\u00bb4.22.1&#8243; _module_preset=\u00bbdefault\u00bb custom_padding=\u00bb51px||51px||false|false\u00bb global_colors_info=\u00bb{}\u00bb][et_pb_row _builder_version=\u00bb4.22.1&#8243; _module_preset=\u00bbdefault\u00bb max_width=\u00bb960px\u00bb global_colors_info=\u00bb{}\u00bb][et_pb_column type=\u00bb4_4&#8243; _builder_version=\u00bb4.22.1&#8243; _module_preset=\u00bbdefault\u00bb global_colors_info=\u00bb{}\u00bb][et_pb_text _builder_version=\u00bb4.22.1&#8243; _module_preset=\u00bbdefault\u00bb text_font=\u00bbNewsreader||on||||||\u00bb text_font_size=\u00bb44px\u00bb text_line_height=\u00bb1.1em\u00bb text_orientation=\u00bbcenter\u00bb custom_margin=\u00bb||40px||false|false\u00bb hover_enabled=\u00bb0&#8243; text_font_size_tablet=\u00bb44px\u00bb text_font_size_phone=\u00bb34px\u00bb text_font_size_last_edited=\u00bbon|phone\u00bb global_colors_info=\u00bb{}\u00bb sticky_enabled=\u00bb0&#8243;]<\/p>\n<p class=\"font-light\">\u00abSoy Laude Puig y quiero ser tu abogado\u00bb<\/p>\n<p>[\/et_pb_text][et_pb_text _builder_version=\u00bb4.22.1&#8243; _module_preset=\u00bbdefault\u00bb text_orientation=\u00bbcenter\u00bb custom_margin=\u00bb||40px||false|false\u00bb hover_enabled=\u00bb0&#8243; global_colors_info=\u00bb{}\u00bb sticky_enabled=\u00bb0&#8243;]<\/p>\n<p>A continuaci\u00f3n, te detallamos las \u00e1reas m\u00e1s importantes de nuestro d\u00eda a d\u00eda profesional, aunque no sean las \u00fanicas:<\/p>\n<p>[\/et_pb_text][et_pb_accordion open_toggle_text_color=\u00bb#FFFFFF\u00bb open_toggle_background_color=\u00bb#FFFFFF\u00bb closed_toggle_background_color=\u00bb#FFFFFF\u00bb toggle_icon=\u00bb&#x33;||divi||400&#8243; use_icon_font_size=\u00bbon\u00bb icon_font_size=\u00bb30px\u00bb module_class=\u00bbserveis__acordeon\u00bb _builder_version=\u00bb4.22.1&#8243; _module_preset=\u00bbdefault\u00bb toggle_text_color=\u00bb#000000&#8243; toggle_font=\u00bb|700|||||||\u00bb toggle_font_size=\u00bb16px\u00bb hover_enabled=\u00bb0&#8243; border_radii=\u00bbon|4px|4px|4px|4px\u00bb global_colors_info=\u00bb{}\u00bb sticky_enabled=\u00bb0&#8243;][et_pb_accordion_item title=\u00bbConcurso de acreedores de empresarios y empresas\u00bb open=\u00bbon\u00bb _builder_version=\u00bb4.22.1&#8243; _module_preset=\u00bbdefault\u00bb hover_enabled=\u00bb0&#8243; global_colors_info=\u00bb{}\u00bb sticky_enabled=\u00bb0&#8243;]<\/p>\n<p>Si eres un aut\u00f3nomo o una empresa que se enfrenta a dificultades financieras, puedes confiar en nuestro asesoramiento experto en materia de ley de segunda oportunidad y concurso de acreedores. Trabajaremos para ayudarte a encontrar una soluci\u00f3n adecuada que te permita reorganizarte y volver a empezar con una perspectiva positiva.<\/p>\n<p>[\/et_pb_accordion_item][et_pb_accordion_item title=\u00bbLey de la segunda oportunidad\u00bb _builder_version=\u00bb4.22.1&#8243; _module_preset=\u00bbdefault\u00bb hover_enabled=\u00bb0&#8243; global_colors_info=\u00bb{}\u00bb open=\u00bboff\u00bb sticky_enabled=\u00bb0&#8243;]<\/p>\n<p>Si eres una persona afectada por quiebra econ\u00f3mica, estamos especializados en la Ley de la segunda oportunidad como subapartado del derecho concursal. No hace falta que hayas tenido negocios, da igual si las deudas que te ahogan son mayores o menores, solamente con que no les puedas hacer frente porque tus ingresos han ca\u00eddo y no son suficientes para pagarlas y, si tienes voluntad para salir de este grave problema, contigo adquiriremos un \u00fanico compromiso, nos dejaremos la piel para ayudarte a conseguir el perd\u00f3n de todas tus deudas por v\u00eda judicial. Ven a visitarnos y te informaremos.<\/p>\n<p>[\/et_pb_accordion_item][et_pb_accordion_item title=\u00bbReclamaciones de consumo\u00bb _builder_version=\u00bb4.22.1&#8243; _module_preset=\u00bbdefault\u00bb hover_enabled=\u00bb0&#8243; global_colors_info=\u00bb{}\u00bb open=\u00bboff\u00bb sticky_enabled=\u00bb0&#8243;]<\/p>\n<p>Si has sufrido alg\u00fan tipo de perjuicio como consumidor, ponte en contacto con nosotros para que podamos evaluar la situaci\u00f3n y buscar una compensaci\u00f3n justa. Protegemos tus derechos como consumidor.<\/p>\n<p>[\/et_pb_accordion_item][et_pb_accordion_item title=\u00bbReclamaciones de deudas\u00bb _builder_version=\u00bb4.22.1&#8243; _module_preset=\u00bbdefault\u00bb hover_enabled=\u00bb0&#8243; global_colors_info=\u00bb{}\u00bb open=\u00bboff\u00bb sticky_enabled=\u00bb0&#8243;]<\/p>\n<p>Afrontar problemas de deudas puede ser estresante y desafiante. Con nuestro apoyo, puedes buscar soluciones para gestionar las deudas adecuadamente y recuperar el control de tu situaci\u00f3n financiera.<\/p>\n<p>[\/et_pb_accordion_item][et_pb_accordion_item title=\u00bbReclamaciones bancarias\u00bb _builder_version=\u00bb4.22.1&#8243; _module_preset=\u00bbdefault\u00bb hover_enabled=\u00bb0&#8243; global_colors_info=\u00bb{}\u00bb open=\u00bboff\u00bb sticky_enabled=\u00bb0&#8243;]<\/p>\n<p>Si has sufrido da\u00f1os o abusos por parte de entidades bancarias, estamos aqu\u00ed para ayudarte a defender sus derechos. Ofrecemos asesoramiento competente para que puedas reclamar lo que te corresponda.<\/p>\n<p>[\/et_pb_accordion_item][et_pb_accordion_item title=\u00bbServicios jur\u00eddicos laborales para empleadores y trabajadores\u00bb _builder_version=\u00bb4.22.1&#8243; _module_preset=\u00bbdefault\u00bb hover_enabled=\u00bb0&#8243; global_colors_info=\u00bb{}\u00bb open=\u00bboff\u00bb sticky_enabled=\u00bb0&#8243;]<\/p>\n<p>Tanto si eres un empleador como un empleado, tenemos un equipo especializado en derecho laboral que puede guiarte en asuntos laborales complicados. Desde conflictos laborales hasta la redacci\u00f3n de contratos, nos aseguramos de que est\u00e9s bien asesorado en todo momento.<\/p>\n<p>[\/et_pb_accordion_item][et_pb_accordion_item title=\u00bbReclamaciones administrativas\u00bb _builder_version=\u00bb4.22.1&#8243; _module_preset=\u00bbdefault\u00bb hover_enabled=\u00bb0&#8243; global_colors_info=\u00bb{}\u00bb open=\u00bboff\u00bb sticky_enabled=\u00bb0&#8243;]<\/p>\n<p>Todo procedimiento de consumo, reclamaci\u00f3n patrimonial, reclamaci\u00f3n contra grandes suministradoras, empezar\u00e1 con la correspondiente reclamaci\u00f3n administrativa. Queremos evitar, si es posible, el trasiego de la lentitud y desgaste de la v\u00eda judicial.<\/p>\n<p>[\/et_pb_accordion_item][et_pb_accordion_item title=\u00bbReclamaciones patrimoniales a la Administraci\u00f3n\u00bb _builder_version=\u00bb4.22.1&#8243; _module_preset=\u00bbdefault\u00bb hover_enabled=\u00bb0&#8243; global_colors_info=\u00bb{}\u00bb open=\u00bboff\u00bb sticky_enabled=\u00bb0&#8243;]<\/p>\n<p>Si has sufrido da\u00f1os en tu patrimonio como consecuencia de la actuaci\u00f3n de la Administraci\u00f3n p\u00fablica, nos encargaremos de proteger tus derechos y buscar la adecuada reparaci\u00f3n.<\/p>\n<p>[\/et_pb_accordion_item][et_pb_accordion_item title=\u00bbReclamaciones por responsabilidad civil y profesional\u00bb _builder_version=\u00bb4.22.1&#8243; _module_preset=\u00bbdefault\u00bb hover_enabled=\u00bb0&#8243; global_colors_info=\u00bb{}\u00bb open=\u00bboff\u00bb sticky_enabled=\u00bb0&#8243;]<\/p>\n<p>Toda actuaci\u00f3n profesional est\u00e1 sujeta a responsabilidad por da\u00f1o al cliente. Nuestro equipo jur\u00eddico te ayudar\u00e1 a comprender tus derechos y a perseguir las compensaciones pertinentes.<\/p>\n<p>[\/et_pb_accordion_item][et_pb_accordion_item title=\u00bbRedacci\u00f3n de contratos civiles\u00bb _builder_version=\u00bb4.22.1&#8243; _module_preset=\u00bbdefault\u00bb hover_enabled=\u00bb0&#8243; global_colors_info=\u00bb{}\u00bb open=\u00bboff\u00bb sticky_enabled=\u00bb0&#8243;]<\/p>\n<p>Los contratos son parte esencial de las transacciones legales: compraventas, traspasos, alquileres&#8230; Te ofrecemos nuestros servicios para redactar contratos civiles bien estructurados y proteger tus intereses.<\/p>\n<p>[\/et_pb_accordion_item][\/et_pb_accordion][\/et_pb_column][\/et_pb_row][\/et_pb_section][et_pb_section fb_built=\u00bb1&#8243; _builder_version=\u00bb4.22.1&#8243; _module_preset=\u00bbdefault\u00bb background_color=\u00bb#f2f2f2&#8243; custom_padding=\u00bb51px||51px||false|false\u00bb locked=\u00bboff\u00bb global_colors_info=\u00bb{}\u00bb][et_pb_row _builder_version=\u00bb4.22.1&#8243; _module_preset=\u00bbdefault\u00bb max_width=\u00bb960px\u00bb global_colors_info=\u00bb{}\u00bb][et_pb_column type=\u00bb4_4&#8243; _builder_version=\u00bb4.22.1&#8243; _module_preset=\u00bbdefault\u00bb global_colors_info=\u00bb{}\u00bb][et_pb_text _builder_version=\u00bb4.22.1&#8243; _module_preset=\u00bbdefault\u00bb text_orientation=\u00bbcenter\u00bb hover_enabled=\u00bb0&#8243; global_colors_info=\u00bb{}\u00bb sticky_enabled=\u00bb0&#8243;]<\/p>\n<p>En Tax &#038; Iure, tu tranquilidad y satisfacci\u00f3n son nuestra prioridad. Lo daremos todo para resolver tus asuntos lo m\u00e1s favorablemente posible. Ponte en contacto con nosotros para una consulta inicial y deja que nos encarguemos de las cuestiones legales.<\/p>\n<p>[\/et_pb_text][\/et_pb_column][\/et_pb_row][\/et_pb_section][et_pb_section fb_built=\u00bb1&#8243; _builder_version=\u00bb4.22.1&#8243; _module_preset=\u00bbdefault\u00bb custom_padding=\u00bb51px||51px||false|false\u00bb global_colors_info=\u00bb{}\u00bb][et_pb_row _builder_version=\u00bb4.22.1&#8243; _module_preset=\u00bbdefault\u00bb hover_enabled=\u00bb0&#8243; global_colors_info=\u00bb{}\u00bb max_width=\u00bb960px\u00bb sticky_enabled=\u00bb0&#8243;][et_pb_column type=\u00bb4_4&#8243; _builder_version=\u00bb4.22.1&#8243; _module_preset=\u00bbdefault\u00bb global_colors_info=\u00bb{}\u00bb][et_pb_text _builder_version=\u00bb4.22.1&#8243; _module_preset=\u00bbdefault\u00bb text_font=\u00bbNewsreader||on||||||\u00bb text_font_size=\u00bb44px\u00bb text_line_height=\u00bb1.1em\u00bb text_orientation=\u00bbcenter\u00bb hover_enabled=\u00bb0&#8243; text_font_size_tablet=\u00bb44px\u00bb text_font_size_phone=\u00bb34px\u00bb text_font_size_last_edited=\u00bbon|phone\u00bb locked=\u00bboff\u00bb global_colors_info=\u00bb{}\u00bb sticky_enabled=\u00bb0&#8243;]<\/p>\n<p class=\"font-light\">Tanto en los campos expuestos como en otros no mencionados, \u00a1en Tax &#038; Iure estamos aqu\u00ed para ayudarte!<\/p>\n<p>[\/et_pb_text][\/et_pb_column][\/et_pb_row][\/et_pb_section][et_pb_section fb_built=\u00bb1&#8243; custom_padding_last_edited=\u00bbon|phone\u00bb _builder_version=\u00bb4.22.1&#8243; _module_preset=\u00bbdefault\u00bb background_image=\u00bbhttps:\/\/taxiure.com\/wp-content\/uploads\/2023\/08\/cta-contacte-background.jpg\u00bb custom_padding=\u00bb100px||100px||false|false\u00bb custom_padding_tablet=\u00bb90px||90px||false|false\u00bb custom_padding_phone=\u00bb80px||80px||false|false\u00bb locked=\u00bboff\u00bb global_colors_info=\u00bb{}\u00bb][et_pb_row _builder_version=\u00bb4.22.1&#8243; _module_preset=\u00bbdefault\u00bb global_colors_info=\u00bb{}\u00bb][et_pb_column type=\u00bb4_4&#8243; _builder_version=\u00bb4.22.1&#8243; _module_preset=\u00bbdefault\u00bb global_colors_info=\u00bb{}\u00bb][et_pb_text _builder_version=\u00bb4.22.1&#8243; _module_preset=\u00bbdefault\u00bb text_text_color=\u00bb#FFFFFF\u00bb text_font_size=\u00bb22px\u00bb text_orientation=\u00bbcenter\u00bb custom_margin=\u00bb||40px||false|false\u00bb global_colors_info=\u00bb{}\u00bb]<\/p>\n<p class=\"font-medium\">Si necesitas ayuda o quieres que te asesoremos, contacta con nosotros<\/p>\n<p>[\/et_pb_text][et_pb_button button_text=\u00bbContactar\u00bb button_alignment=\u00bbcenter\u00bb module_class=\u00bbbutton-border-white-hover\u00bb _builder_version=\u00bb4.22.1&#8243; _module_preset=\u00bbdefault\u00bb custom_button=\u00bbon\u00bb global_colors_info=\u00bb{}\u00bb button_border_color__hover_enabled=\u00bbon|hover\u00bb button_border_color__hover=\u00bb#FFFFFF\u00bb custom_css_main_element__hover_enabled=\u00bbon|hover\u00bb][\/et_pb_button][\/et_pb_column][\/et_pb_row][\/et_pb_section]<\/p>\n","protected":false},"excerpt":{"rendered":"<p>Asesor\u00eda jur\u00eddicaServicios jur\u00eddicos y abogac\u00edaNuestros servicios de asesor\u00eda jur\u00eddica est\u00e1n dise\u00f1ados para ofrecer soluciones adaptadas a tus necesidades espec\u00edficas. En Tax &#038; Iure estamos especializados en derecho concursal, derecho de empresa y derecho tributario y queremos ayudarte a resolver los problemas legales con eficacia y profesionalidad.\u00bbSoy Laude Puig y quiero ser tu abogado\u00bbA continuaci\u00f3n, te [&hellip;]<\/p>\n","protected":false},"author":3,"featured_media":0,"parent":503,"menu_order":0,"comment_status":"closed","ping_status":"closed","template":"","meta":{"_et_pb_use_builder":"on","_et_pb_old_content":"","_et_gb_content_width":"","footnotes":""},"class_list":["post-497","page","type-page","status-publish","hentry"],"yoast_head":"<!-- This site is optimized with the Yoast SEO plugin v27.5 - https:\/\/yoast.com\/product\/yoast-seo-wordpress\/ -->\n<title>Asesor\u00eda jur\u00eddica - Tax &amp; Iure<\/title>\n<meta name=\"robots\" content=\"index, follow, max-snippet:-1, max-image-preview:large, max-video-preview:-1\" \/>\n<link rel=\"canonical\" href=\"https:\/\/taxiure.com\/es\/servicios\/asesoria-juridica\/\" \/>\n<meta property=\"og:locale\" content=\"es_ES\" \/>\n<meta property=\"og:type\" content=\"article\" \/>\n<meta property=\"og:title\" content=\"Asesor\u00eda jur\u00eddica - Tax &amp; Iure\" \/>\n<meta property=\"og:description\" content=\"Asesor\u00eda jur\u00eddicaServicios jur\u00eddicos y abogac\u00edaNuestros servicios de asesor\u00eda jur\u00eddica est\u00e1n dise\u00f1ados para ofrecer soluciones adaptadas a tus necesidades espec\u00edficas. En Tax &amp; Iure estamos especializados en derecho concursal, derecho de empresa y derecho tributario y queremos ayudarte a resolver los problemas legales con eficacia y profesionalidad.&quot;Soy Laude Puig y quiero ser tu abogado&quot;A continuaci\u00f3n, te [&hellip;]\" \/>\n<meta property=\"og:url\" content=\"https:\/\/taxiure.com\/es\/servicios\/asesoria-juridica\/\" \/>\n<meta property=\"og:site_name\" content=\"Tax &amp; Iure\" \/>\n<meta property=\"article:modified_time\" content=\"2023-08-31T13:43:59+00:00\" \/>\n<meta name=\"twitter:card\" content=\"summary_large_image\" \/>\n<script type=\"application\/ld+json\" class=\"yoast-schema-graph\">{\"@context\":\"https:\\\/\\\/schema.org\",\"@graph\":[{\"@type\":\"WebPage\",\"@id\":\"https:\\\/\\\/taxiure.com\\\/es\\\/servicios\\\/asesoria-juridica\\\/\",\"url\":\"https:\\\/\\\/taxiure.com\\\/es\\\/servicios\\\/asesoria-juridica\\\/\",\"name\":\"Asesor\u00eda jur\u00eddica - Tax &amp; Iure\",\"isPartOf\":{\"@id\":\"https:\\\/\\\/taxiure.com\\\/es\\\/#website\"},\"datePublished\":\"2023-08-29T10:20:41+00:00\",\"dateModified\":\"2023-08-31T13:43:59+00:00\",\"breadcrumb\":{\"@id\":\"https:\\\/\\\/taxiure.com\\\/es\\\/servicios\\\/asesoria-juridica\\\/#breadcrumb\"},\"inLanguage\":\"es\",\"potentialAction\":[{\"@type\":\"ReadAction\",\"target\":[\"https:\\\/\\\/taxiure.com\\\/es\\\/servicios\\\/asesoria-juridica\\\/\"]}]},{\"@type\":\"BreadcrumbList\",\"@id\":\"https:\\\/\\\/taxiure.com\\\/es\\\/servicios\\\/asesoria-juridica\\\/#breadcrumb\",\"itemListElement\":[{\"@type\":\"ListItem\",\"position\":1,\"name\":\"Portada\",\"item\":\"https:\\\/\\\/taxiure.com\\\/es\\\/home\\\/\"},{\"@type\":\"ListItem\",\"position\":2,\"name\":\"Asesor\u00eda jur\u00eddica\"}]},{\"@type\":\"WebSite\",\"@id\":\"https:\\\/\\\/taxiure.com\\\/es\\\/#website\",\"url\":\"https:\\\/\\\/taxiure.com\\\/es\\\/\",\"name\":\"Tax &amp; Iure\",\"description\":\"\",\"publisher\":{\"@id\":\"https:\\\/\\\/taxiure.com\\\/es\\\/#organization\"},\"potentialAction\":[{\"@type\":\"SearchAction\",\"target\":{\"@type\":\"EntryPoint\",\"urlTemplate\":\"https:\\\/\\\/taxiure.com\\\/es\\\/?s={search_term_string}\"},\"query-input\":{\"@type\":\"PropertyValueSpecification\",\"valueRequired\":true,\"valueName\":\"search_term_string\"}}],\"inLanguage\":\"es\"},{\"@type\":\"Organization\",\"@id\":\"https:\\\/\\\/taxiure.com\\\/es\\\/#organization\",\"name\":\"Tax & Iure\",\"url\":\"https:\\\/\\\/taxiure.com\\\/es\\\/\",\"logo\":{\"@type\":\"ImageObject\",\"inLanguage\":\"es\",\"@id\":\"https:\\\/\\\/taxiure.com\\\/es\\\/#\\\/schema\\\/logo\\\/image\\\/\",\"url\":\"https:\\\/\\\/taxiure.com\\\/wp-content\\\/uploads\\\/2023\\\/08\\\/logo-tax-and-iure.png\",\"contentUrl\":\"https:\\\/\\\/taxiure.com\\\/wp-content\\\/uploads\\\/2023\\\/08\\\/logo-tax-and-iure.png\",\"width\":338,\"height\":70,\"caption\":\"Tax & Iure\"},\"image\":{\"@id\":\"https:\\\/\\\/taxiure.com\\\/es\\\/#\\\/schema\\\/logo\\\/image\\\/\"}}]}<\/script>\n<!-- \/ Yoast SEO plugin. -->","yoast_head_json":{"title":"Asesor\u00eda jur\u00eddica - Tax &amp; Iure","robots":{"index":"index","follow":"follow","max-snippet":"max-snippet:-1","max-image-preview":"max-image-preview:large","max-video-preview":"max-video-preview:-1"},"canonical":"https:\/\/taxiure.com\/es\/servicios\/asesoria-juridica\/","og_locale":"es_ES","og_type":"article","og_title":"Asesor\u00eda jur\u00eddica - Tax &amp; Iure","og_description":"Asesor\u00eda jur\u00eddicaServicios jur\u00eddicos y abogac\u00edaNuestros servicios de asesor\u00eda jur\u00eddica est\u00e1n dise\u00f1ados para ofrecer soluciones adaptadas a tus necesidades espec\u00edficas. En Tax & Iure estamos especializados en derecho concursal, derecho de empresa y derecho tributario y queremos ayudarte a resolver los problemas legales con eficacia y profesionalidad.\"Soy Laude Puig y quiero ser tu abogado\"A continuaci\u00f3n, te [&hellip;]","og_url":"https:\/\/taxiure.com\/es\/servicios\/asesoria-juridica\/","og_site_name":"Tax &amp; Iure","article_modified_time":"2023-08-31T13:43:59+00:00","twitter_card":"summary_large_image","schema":{"@context":"https:\/\/schema.org","@graph":[{"@type":"WebPage","@id":"https:\/\/taxiure.com\/es\/servicios\/asesoria-juridica\/","url":"https:\/\/taxiure.com\/es\/servicios\/asesoria-juridica\/","name":"Asesor\u00eda jur\u00eddica - Tax &amp; Iure","isPartOf":{"@id":"https:\/\/taxiure.com\/es\/#website"},"datePublished":"2023-08-29T10:20:41+00:00","dateModified":"2023-08-31T13:43:59+00:00","breadcrumb":{"@id":"https:\/\/taxiure.com\/es\/servicios\/asesoria-juridica\/#breadcrumb"},"inLanguage":"es","potentialAction":[{"@type":"ReadAction","target":["https:\/\/taxiure.com\/es\/servicios\/asesoria-juridica\/"]}]},{"@type":"BreadcrumbList","@id":"https:\/\/taxiure.com\/es\/servicios\/asesoria-juridica\/#breadcrumb","itemListElement":[{"@type":"ListItem","position":1,"name":"Portada","item":"https:\/\/taxiure.com\/es\/home\/"},{"@type":"ListItem","position":2,"name":"Asesor\u00eda jur\u00eddica"}]},{"@type":"WebSite","@id":"https:\/\/taxiure.com\/es\/#website","url":"https:\/\/taxiure.com\/es\/","name":"Tax &amp; Iure","description":"","publisher":{"@id":"https:\/\/taxiure.com\/es\/#organization"},"potentialAction":[{"@type":"SearchAction","target":{"@type":"EntryPoint","urlTemplate":"https:\/\/taxiure.com\/es\/?s={search_term_string}"},"query-input":{"@type":"PropertyValueSpecification","valueRequired":true,"valueName":"search_term_string"}}],"inLanguage":"es"},{"@type":"Organization","@id":"https:\/\/taxiure.com\/es\/#organization","name":"Tax & Iure","url":"https:\/\/taxiure.com\/es\/","logo":{"@type":"ImageObject","inLanguage":"es","@id":"https:\/\/taxiure.com\/es\/#\/schema\/logo\/image\/","url":"https:\/\/taxiure.com\/wp-content\/uploads\/2023\/08\/logo-tax-and-iure.png","contentUrl":"https:\/\/taxiure.com\/wp-content\/uploads\/2023\/08\/logo-tax-and-iure.png","width":338,"height":70,"caption":"Tax & Iure"},"image":{"@id":"https:\/\/taxiure.com\/es\/#\/schema\/logo\/image\/"}}]}},"_links":{"self":[{"href":"https:\/\/taxiure.com\/es\/wp-json\/wp\/v2\/pages\/497","targetHints":{"allow":["GET"]}}],"collection":[{"href":"https:\/\/taxiure.com\/es\/wp-json\/wp\/v2\/pages"}],"about":[{"href":"https:\/\/taxiure.com\/es\/wp-json\/wp\/v2\/types\/page"}],"author":[{"embeddable":true,"href":"https:\/\/taxiure.com\/es\/wp-json\/wp\/v2\/users\/3"}],"replies":[{"embeddable":true,"href":"https:\/\/taxiure.com\/es\/wp-json\/wp\/v2\/comments?post=497"}],"version-history":[{"count":2,"href":"https:\/\/taxiure.com\/es\/wp-json\/wp\/v2\/pages\/497\/revisions"}],"predecessor-version":[{"id":499,"href":"https:\/\/taxiure.com\/es\/wp-json\/wp\/v2\/pages\/497\/revisions\/499"}],"up":[{"embeddable":true,"href":"https:\/\/taxiure.com\/es\/wp-json\/wp\/v2\/pages\/503"}],"wp:attachment":[{"href":"https:\/\/taxiure.com\/es\/wp-json\/wp\/v2\/media?parent=497"}],"curies":[{"name":"wp","href":"https:\/\/api.w.org\/{rel}","templated":true}]}}