{"id":500,"date":"2023-08-28T13:32:23","date_gmt":"2023-08-28T11:32:23","guid":{"rendered":"https:\/\/taxiure.com\/asesoria-fiscal\/"},"modified":"2023-09-18T17:55:05","modified_gmt":"2023-09-18T15:55:05","slug":"asesoria-fiscal","status":"publish","type":"page","link":"https:\/\/taxiure.com\/es\/servicios\/asesoria-fiscal\/","title":{"rendered":"Asesor\u00eda fiscal"},"content":{"rendered":"<p>[et_pb_section fb_built=\u00bb1&#8243; custom_padding_last_edited=\u00bbon|phone\u00bb _builder_version=\u00bb4.22.1&#8243; _module_preset=\u00bbdefault\u00bb background_image=\u00bbhttps:\/\/taxiure.com\/wp-content\/uploads\/2023\/08\/tax-and-iure-serveis-header.jpg\u00bb custom_padding=\u00bb164px||164px||false|false\u00bb custom_padding_tablet=\u00bb120px||120px||false|false\u00bb custom_padding_phone=\u00bb90px||90px||false|false\u00bb locked=\u00bboff\u00bb global_colors_info=\u00bb{}\u00bb][et_pb_row _builder_version=\u00bb4.22.1&#8243; _module_preset=\u00bbdefault\u00bb global_colors_info=\u00bb{}\u00bb][et_pb_column type=\u00bb4_4&#8243; _builder_version=\u00bb4.22.1&#8243; _module_preset=\u00bbdefault\u00bb global_colors_info=\u00bb{}\u00bb][et_pb_text _builder_version=\u00bb4.22.1&#8243; _module_preset=\u00bbdefault\u00bb text_text_color=\u00bb#FFFFFF\u00bb header_text_align=\u00bbcenter\u00bb header_text_color=\u00bb#FFFFFF\u00bb text_orientation=\u00bbcenter\u00bb custom_margin=\u00bb0px||0px||false|false\u00bb custom_padding=\u00bb0px||0px||false|false\u00bb global_colors_info=\u00bb{}\u00bb]<\/p>\n<p class=\"h1 uppercase\">Asesor\u00eda fiscal y contable<\/p>\n<p>[\/et_pb_text][et_pb_divider color=\u00bb#d9a43f\u00bb divider_weight=\u00bb2px\u00bb _builder_version=\u00bb4.22.1&#8243; _module_preset=\u00bbdefault\u00bb width=\u00bb207px\u00bb module_alignment=\u00bbcenter\u00bb height=\u00bb2px\u00bb custom_margin=\u00bb0px||0px||false|false\u00bb custom_padding=\u00bb0px||0px||false|false\u00bb global_colors_info=\u00bb{}\u00bb][\/et_pb_divider][\/et_pb_column][\/et_pb_row][\/et_pb_section][et_pb_section fb_built=\u00bb1&#8243; _builder_version=\u00bb4.22.1&#8243; _module_preset=\u00bbdefault\u00bb background_color=\u00bb#f2f2f2&#8243; custom_padding=\u00bb51px||51px||false|false\u00bb global_colors_info=\u00bb{}\u00bb][et_pb_row _builder_version=\u00bb4.22.1&#8243; _module_preset=\u00bbdefault\u00bb max_width=\u00bb960px\u00bb global_colors_info=\u00bb{}\u00bb][et_pb_column type=\u00bb4_4&#8243; _builder_version=\u00bb4.22.1&#8243; _module_preset=\u00bbdefault\u00bb global_colors_info=\u00bb{}\u00bb][et_pb_text _builder_version=\u00bb4.22.1&#8243; _module_preset=\u00bbdefault\u00bb header_text_align=\u00bbcenter\u00bb header_2_text_align=\u00bbcenter\u00bb global_colors_info=\u00bb{}\u00bb]<\/p>\n<h1 class=\"h2 font-bold\">Servicios de asesor\u00eda fiscal y contable<\/h1>\n<p>[\/et_pb_text][et_pb_text _builder_version=\u00bb4.22.1&#8243; _module_preset=\u00bbdefault\u00bb text_orientation=\u00bbcenter\u00bb global_colors_info=\u00bb{}\u00bb]<\/p>\n<p>Nuestros servicios de asesor\u00eda fiscal y contable est\u00e1n dise\u00f1ados para ayudarte, tanto si eres un aut\u00f3nomo como si tienes una empresa, a gestionar con \u00e9xito la parte financiera y fiscal de tu negocio.<\/p>\n<p>[\/et_pb_text][\/et_pb_column][\/et_pb_row][\/et_pb_section][et_pb_section fb_built=\u00bb1&#8243; _builder_version=\u00bb4.22.1&#8243; _module_preset=\u00bbdefault\u00bb custom_padding=\u00bb51px||51px||false|false\u00bb global_colors_info=\u00bb{}\u00bb][et_pb_row _builder_version=\u00bb4.22.1&#8243; _module_preset=\u00bbdefault\u00bb max_width=\u00bb960px\u00bb global_colors_info=\u00bb{}\u00bb][et_pb_column type=\u00bb4_4&#8243; _builder_version=\u00bb4.22.1&#8243; _module_preset=\u00bbdefault\u00bb global_colors_info=\u00bb{}\u00bb][et_pb_text _builder_version=\u00bb4.22.1&#8243; _module_preset=\u00bbdefault\u00bb text_font=\u00bbNewsreader||on||||||\u00bb text_font_size=\u00bb44px\u00bb text_line_height=\u00bb1.1em\u00bb text_orientation=\u00bbcenter\u00bb custom_margin=\u00bb||40px||false|false\u00bb text_font_size_tablet=\u00bb44px\u00bb text_font_size_phone=\u00bb34px\u00bb text_font_size_last_edited=\u00bbon|phone\u00bb global_colors_info=\u00bb{}\u00bb]<\/p>\n<p class=\"font-light\">\u00abSomos Tax &#038; Iure queremos ser tu asesor\u00eda\u00bb<\/p>\n<p>[\/et_pb_text][et_pb_text _builder_version=\u00bb4.22.1&#8243; _module_preset=\u00bbdefault\u00bb text_orientation=\u00bbcenter\u00bb custom_margin=\u00bb||40px||false|false\u00bb global_colors_info=\u00bb{}\u00bb]<\/p>\n<p>A continuaci\u00f3n, te ofrecemos un detalle de nuestros servicios para <strong>aut\u00f3nomos y empresas<\/strong>:<\/p>\n<p>[\/et_pb_text][et_pb_accordion open_toggle_text_color=\u00bb#FFFFFF\u00bb open_toggle_background_color=\u00bb#FFFFFF\u00bb closed_toggle_background_color=\u00bb#FFFFFF\u00bb toggle_icon=\u00bb&#x33;||divi||400&#8243; use_icon_font_size=\u00bbon\u00bb icon_font_size=\u00bb30px\u00bb module_class=\u00bbserveis__acordeon\u00bb _builder_version=\u00bb4.22.1&#8243; _module_preset=\u00bbdefault\u00bb toggle_text_color=\u00bb#000000&#8243; toggle_font=\u00bb|700|||||||\u00bb toggle_font_size=\u00bb16px\u00bb border_radii=\u00bbon|4px|4px|4px|4px\u00bb global_colors_info=\u00bb{}\u00bb][et_pb_accordion_item title=\u00bbAsesoramiento en la constituci\u00f3n como aut\u00f3nomo\u00bb open=\u00bbon\u00bb _builder_version=\u00bb4.22.1&#8243; _module_preset=\u00bbdefault\u00bb global_colors_info=\u00bb{}\u00bb]<\/p>\n<p>Si tienes en mente empezar tu aventura como aut\u00f3nomo, nos enorgullecemos de ofrecerte un servicio personalizado de emprendedur\u00eda. Te acompa\u00f1amos durante el proceso de constituci\u00f3n, proporcion\u00e1ndote el soporte necesario para tomar decisiones informadas.<\/p>\n<p>[\/et_pb_accordion_item][et_pb_accordion_item title=\u00bbConstituci\u00f3n de empresas\u00bb _builder_version=\u00bb4.22.1&#8243; _module_preset=\u00bbdefault\u00bb global_colors_info=\u00bb{}\u00bb open=\u00bboff\u00bb]<\/p>\n<p>Si tu objetivo es crear una empresa, contar con una asesor\u00eda experta es clave. Te guiamos en todo el proceso de constituci\u00f3n para que puedas establecer tu empresa con una s\u00f3lida base.<\/p>\n<p>[\/et_pb_accordion_item][et_pb_accordion_item title=\u00bbConfeccionar y realizar la contabilidad\u00bb _builder_version=\u00bb4.22.1&#8243; _module_preset=\u00bbdefault\u00bb global_colors_info=\u00bb{}\u00bb open=\u00bboff\u00bb]<\/p>\n<p>Realizamos la confecci\u00f3n y gesti\u00f3n contable de tu negocio, tanto de forma telem\u00e1tica como presencial en tus oficinas, tanto a nivel \u00edntegro como solo a nivel de supervisi\u00f3n y correcci\u00f3n.<\/p>\n<p>[\/et_pb_accordion_item][et_pb_accordion_item title=\u00bbSupervisi\u00f3n y correcci\u00f3n contable\u00bb _builder_version=\u00bb4.22.1&#8243; _module_preset=\u00bbdefault\u00bb global_colors_info=\u00bb{}\u00bb open=\u00bboff\u00bb]<\/p>\n<p>Si tienes tu propio equipo de administraci\u00f3n, le ayudamos a gestionar la contabilidad.<\/p>\n<p>[\/et_pb_accordion_item][et_pb_accordion_item title=\u00bbConfecci\u00f3n de libros\u00bb _builder_version=\u00bb4.22.1&#8243; _module_preset=\u00bbdefault\u00bb global_colors_info=\u00bb{}\u00bb open=\u00bboff\u00bb]<\/p>\n<p>Si eres aut\u00f3nomo, te llevamos la gesti\u00f3n de los libros y obligaciones de registro fijadas por la normativa y a precios muy competitivos y para ti, nada excesivos.<\/p>\n<p>[\/et_pb_accordion_item][et_pb_accordion_item title=\u00bbAsistencia en juntas\u00bb _builder_version=\u00bb4.22.1&#8243; _module_preset=\u00bbdefault\u00bb global_colors_info=\u00bb{}\u00bb open=\u00bboff\u00bb]<\/p>\n<p>Como parte de nuestra asesor\u00eda integral, te asistimos en las juntas societarias, asegur\u00e1ndonos que se abordan de forma adecuada y eficiente todos los aspectos legales y contables a tratar.<\/p>\n<p>[\/et_pb_accordion_item][et_pb_accordion_item title=\u00bbTramitaci\u00f3n de impuestos\u00bb _builder_version=\u00bb4.22.1&#8243; _module_preset=\u00bbdefault\u00bb global_colors_info=\u00bb{}\u00bb open=\u00bboff\u00bb]<\/p>\n<p>Gestionamos por ti los impuestos trimestrales y anuales, garantizando la correcta presentaci\u00f3n y el cumplimiento de tus obligaciones fiscales.<\/p>\n<p>[\/et_pb_accordion_item][et_pb_accordion_item title=\u00bbB\u00fasqueda de ayudas y subvenciones\u00bb _builder_version=\u00bb4.22.1&#8243; _module_preset=\u00bbdefault\u00bb global_colors_info=\u00bb{}\u00bb open=\u00bboff\u00bb]<\/p>\n<p>Conocemos las diferentes ayudas p\u00fablicas y subvenciones disponibles para empresas y aut\u00f3nomos, y te ayudamos a identificar las que mejor se adapten a tus necesidades y a gestionar su tramitaci\u00f3n.<\/p>\n<p>[\/et_pb_accordion_item][et_pb_accordion_item title=\u00bbAsesoramiento tributario\u00bb _builder_version=\u00bb4.22.1&#8243; _module_preset=\u00bbdefault\u00bb global_colors_info=\u00bb{}\u00bb open=\u00bboff\u00bb]<\/p>\n<p>Con una profunda comprensi\u00f3n de las leyes tributarias, te ofrecemos un asesoramiento personalizado para que puedas optimizar tu fiscalidad y tomar decisiones informadas sobre la gesti\u00f3n de tus impuestos.<\/p>\n<p>[\/et_pb_accordion_item][et_pb_accordion_item title=\u00bbGesti\u00f3n de financiaci\u00f3n bancaria\u00bb _builder_version=\u00bb4.22.1&#8243; _module_preset=\u00bbdefault\u00bb global_colors_info=\u00bb{}\u00bb open=\u00bboff\u00bb]<\/p>\n<p>En el proceso de buscar financiaci\u00f3n para tu negocio, nos ponemos junto a ti para ayudarte en la negociaci\u00f3n, tramitaci\u00f3n y gesti\u00f3n de pr\u00e9stamos y otras formas de financiaci\u00f3n bancaria.<\/p>\n<p>[\/et_pb_accordion_item][et_pb_accordion_item title=\u00bbGesti\u00f3n de patrimonios\u00bb _builder_version=\u00bb4.22.1&#8243; _module_preset=\u00bbdefault\u00bb global_colors_info=\u00bb{}\u00bb open=\u00bboff\u00bb]<\/p>\n<p>Si tienes alquileres tur\u00edsticos o viviendas habituales, te ofrecemos nuestra experiencia en la gesti\u00f3n patrimonial para que puedas maximizar tus ingresos y cumplir con todas las obligaciones legales relacionadas.<\/p>\n<p>[\/et_pb_accordion_item][et_pb_accordion_item title=\u00bbRepresentaci\u00f3n ante la Administraci\u00f3n \u00bb _builder_version=\u00bb4.22.1&#8243; _module_preset=\u00bbdefault\u00bb global_colors_info=\u00bb{}\u00bb open=\u00bboff\u00bb]<\/p>\n<p>En caso de cualquier controversia con los \u00f3rganos inspectores y de gesti\u00f3n de la Administraci\u00f3n p\u00fablica, contar\u00e1s con nuestro apoyo y representaci\u00f3n para defender tus intereses.<\/p>\n<p>[\/et_pb_accordion_item][\/et_pb_accordion][\/et_pb_column][\/et_pb_row][\/et_pb_section][et_pb_section fb_built=\u00bb1&#8243; _builder_version=\u00bb4.22.1&#8243; _module_preset=\u00bbdefault\u00bb background_color=\u00bb#f2f2f2&#8243; custom_padding=\u00bb51px||51px||false|false\u00bb locked=\u00bboff\u00bb global_colors_info=\u00bb{}\u00bb][et_pb_row _builder_version=\u00bb4.22.1&#8243; _module_preset=\u00bbdefault\u00bb max_width=\u00bb960px\u00bb global_colors_info=\u00bb{}\u00bb][et_pb_column type=\u00bb4_4&#8243; _builder_version=\u00bb4.22.1&#8243; _module_preset=\u00bbdefault\u00bb global_colors_info=\u00bb{}\u00bb][et_pb_text _builder_version=\u00bb4.22.1&#8243; _module_preset=\u00bbdefault\u00bb text_orientation=\u00bbcenter\u00bb global_colors_info=\u00bb{}\u00bb]<\/p>\n<p>En Tax &#038; Iure tu tranquilidad financiera es nuestra prioridad. Conf\u00eda en nuestros profesionales calificados para ayudarte en todos los aspectos contables y fiscales de tu negocio. Ponte en contacto con nosotros para una consulta personalizada y empieza a construir un futuro empresarial y\/o profesional m\u00e1s s\u00f3lido hoy mismo.<\/p>\n<p>[\/et_pb_text][\/et_pb_column][\/et_pb_row][\/et_pb_section][et_pb_section fb_built=\u00bb1&#8243; _builder_version=\u00bb4.22.1&#8243; _module_preset=\u00bbdefault\u00bb custom_padding=\u00bb51px||51px||false|false\u00bb global_colors_info=\u00bb{}\u00bb][et_pb_row _builder_version=\u00bb4.22.1&#8243; _module_preset=\u00bbdefault\u00bb global_colors_info=\u00bb{}\u00bb][et_pb_column type=\u00bb4_4&#8243; _builder_version=\u00bb4.22.1&#8243; _module_preset=\u00bbdefault\u00bb global_colors_info=\u00bb{}\u00bb][et_pb_text _builder_version=\u00bb4.22.1&#8243; _module_preset=\u00bbdefault\u00bb text_font=\u00bbNewsreader||on||||||\u00bb text_font_size=\u00bb44px\u00bb text_line_height=\u00bb1.1em\u00bb text_orientation=\u00bbcenter\u00bb text_font_size_tablet=\u00bb44px\u00bb text_font_size_phone=\u00bb34px\u00bb text_font_size_last_edited=\u00bbon|phone\u00bb locked=\u00bboff\u00bb global_colors_info=\u00bb{}\u00bb]<\/p>\n<p class=\"font-light\">En Tax &#038; Iure estamos aqu\u00ed para ayudarte en todo momento<\/p>\n<p>[\/et_pb_text][\/et_pb_column][\/et_pb_row][\/et_pb_section][et_pb_section fb_built=\u00bb1&#8243; custom_padding_last_edited=\u00bbon|phone\u00bb _builder_version=\u00bb4.22.1&#8243; _module_preset=\u00bbdefault\u00bb background_image=\u00bbhttps:\/\/taxiure.com\/wp-content\/uploads\/2023\/08\/cta-contacte-background.jpg\u00bb custom_padding=\u00bb100px||100px||false|false\u00bb custom_padding_tablet=\u00bb90px||90px||false|false\u00bb custom_padding_phone=\u00bb80px||80px||false|false\u00bb locked=\u00bboff\u00bb global_colors_info=\u00bb{}\u00bb][et_pb_row _builder_version=\u00bb4.22.1&#8243; _module_preset=\u00bbdefault\u00bb global_colors_info=\u00bb{}\u00bb][et_pb_column type=\u00bb4_4&#8243; _builder_version=\u00bb4.22.1&#8243; _module_preset=\u00bbdefault\u00bb global_colors_info=\u00bb{}\u00bb][et_pb_text _builder_version=\u00bb4.22.1&#8243; _module_preset=\u00bbdefault\u00bb text_text_color=\u00bb#FFFFFF\u00bb text_font_size=\u00bb22px\u00bb text_orientation=\u00bbcenter\u00bb custom_margin=\u00bb||40px||false|false\u00bb global_colors_info=\u00bb{}\u00bb]<\/p>\n<p class=\"font-medium\">Si necesitas ayuda o quieres que te asesoremos, contacta con nosotros<\/p>\n<p>[\/et_pb_text][et_pb_button button_text=\u00bbContactar\u00bb button_alignment=\u00bbcenter\u00bb module_class=\u00bbbutton-border-white-hover\u00bb _builder_version=\u00bb4.22.1&#8243; _module_preset=\u00bbdefault\u00bb custom_button=\u00bbon\u00bb global_colors_info=\u00bb{}\u00bb button_border_color__hover_enabled=\u00bbon|hover\u00bb button_border_color__hover=\u00bb#FFFFFF\u00bb custom_css_main_element__hover_enabled=\u00bbon|hover\u00bb][\/et_pb_button][\/et_pb_column][\/et_pb_row][\/et_pb_section]<\/p>\n","protected":false},"excerpt":{"rendered":"<p>Asesor\u00eda fiscal y contableServicios de asesor\u00eda fiscal y contableNuestros servicios de asesor\u00eda fiscal y contable est\u00e1n dise\u00f1ados para ayudarte, tanto si eres un aut\u00f3nomo como si tienes una empresa, a gestionar con \u00e9xito la parte financiera y fiscal de tu negocio.\u00bbSomos Tax &#038; Iure queremos ser tu asesor\u00eda\u00bbA continuaci\u00f3n, te ofrecemos un detalle de nuestros [&hellip;]<\/p>\n","protected":false},"author":3,"featured_media":0,"parent":503,"menu_order":0,"comment_status":"closed","ping_status":"closed","template":"","meta":{"_et_pb_use_builder":"on","_et_pb_old_content":"","_et_gb_content_width":"","footnotes":""},"class_list":["post-500","page","type-page","status-publish","hentry"],"yoast_head":"<!-- This site is optimized with the Yoast SEO plugin v27.5 - https:\/\/yoast.com\/product\/yoast-seo-wordpress\/ -->\n<title>Servicios de asesor\u00eda fiscal y contable Tax &amp; Iure<\/title>\n<meta name=\"description\" content=\"Nuestros servicios de asesor\u00eda fiscal y contable est\u00e1n dise\u00f1ados para ayudarte a gestionar con \u00e9xito la parte financiera de tu negocio.\" \/>\n<meta name=\"robots\" content=\"index, follow, max-snippet:-1, max-image-preview:large, max-video-preview:-1\" \/>\n<link rel=\"canonical\" href=\"https:\/\/taxiure.com\/es\/servicios\/asesoria-fiscal\/\" \/>\n<meta property=\"og:locale\" content=\"es_ES\" \/>\n<meta property=\"og:type\" content=\"article\" \/>\n<meta property=\"og:title\" content=\"Servicios de asesor\u00eda fiscal y contable Tax &amp; Iure\" \/>\n<meta property=\"og:description\" content=\"Nuestros servicios de asesor\u00eda fiscal y contable est\u00e1n dise\u00f1ados para ayudarte a gestionar con \u00e9xito la parte financiera de tu negocio.\" \/>\n<meta property=\"og:url\" content=\"https:\/\/taxiure.com\/es\/servicios\/asesoria-fiscal\/\" \/>\n<meta property=\"og:site_name\" content=\"Tax &amp; Iure\" \/>\n<meta property=\"article:modified_time\" content=\"2023-09-18T15:55:05+00:00\" \/>\n<meta name=\"twitter:card\" content=\"summary_large_image\" \/>\n<script type=\"application\/ld+json\" class=\"yoast-schema-graph\">{\"@context\":\"https:\\\/\\\/schema.org\",\"@graph\":[{\"@type\":\"WebPage\",\"@id\":\"https:\\\/\\\/taxiure.com\\\/es\\\/servicios\\\/asesoria-fiscal\\\/\",\"url\":\"https:\\\/\\\/taxiure.com\\\/es\\\/servicios\\\/asesoria-fiscal\\\/\",\"name\":\"Servicios de asesor\u00eda fiscal y contable Tax & Iure\",\"isPartOf\":{\"@id\":\"https:\\\/\\\/taxiure.com\\\/es\\\/#website\"},\"datePublished\":\"2023-08-28T11:32:23+00:00\",\"dateModified\":\"2023-09-18T15:55:05+00:00\",\"description\":\"Nuestros servicios de asesor\u00eda fiscal y contable est\u00e1n dise\u00f1ados para ayudarte a gestionar con \u00e9xito la parte financiera de tu negocio.\",\"breadcrumb\":{\"@id\":\"https:\\\/\\\/taxiure.com\\\/es\\\/servicios\\\/asesoria-fiscal\\\/#breadcrumb\"},\"inLanguage\":\"es\",\"potentialAction\":[{\"@type\":\"ReadAction\",\"target\":[\"https:\\\/\\\/taxiure.com\\\/es\\\/servicios\\\/asesoria-fiscal\\\/\"]}]},{\"@type\":\"BreadcrumbList\",\"@id\":\"https:\\\/\\\/taxiure.com\\\/es\\\/servicios\\\/asesoria-fiscal\\\/#breadcrumb\",\"itemListElement\":[{\"@type\":\"ListItem\",\"position\":1,\"name\":\"Portada\",\"item\":\"https:\\\/\\\/taxiure.com\\\/es\\\/home\\\/\"},{\"@type\":\"ListItem\",\"position\":2,\"name\":\"Servicios\",\"item\":\"https:\\\/\\\/taxiure.com\\\/es\\\/servicios\\\/\"},{\"@type\":\"ListItem\",\"position\":3,\"name\":\"Asesor\u00eda fiscal\"}]},{\"@type\":\"WebSite\",\"@id\":\"https:\\\/\\\/taxiure.com\\\/es\\\/#website\",\"url\":\"https:\\\/\\\/taxiure.com\\\/es\\\/\",\"name\":\"Tax &amp; Iure\",\"description\":\"\",\"publisher\":{\"@id\":\"https:\\\/\\\/taxiure.com\\\/es\\\/#organization\"},\"potentialAction\":[{\"@type\":\"SearchAction\",\"target\":{\"@type\":\"EntryPoint\",\"urlTemplate\":\"https:\\\/\\\/taxiure.com\\\/es\\\/?s={search_term_string}\"},\"query-input\":{\"@type\":\"PropertyValueSpecification\",\"valueRequired\":true,\"valueName\":\"search_term_string\"}}],\"inLanguage\":\"es\"},{\"@type\":\"Organization\",\"@id\":\"https:\\\/\\\/taxiure.com\\\/es\\\/#organization\",\"name\":\"Tax & Iure\",\"url\":\"https:\\\/\\\/taxiure.com\\\/es\\\/\",\"logo\":{\"@type\":\"ImageObject\",\"inLanguage\":\"es\",\"@id\":\"https:\\\/\\\/taxiure.com\\\/es\\\/#\\\/schema\\\/logo\\\/image\\\/\",\"url\":\"https:\\\/\\\/taxiure.com\\\/wp-content\\\/uploads\\\/2023\\\/08\\\/logo-tax-and-iure.png\",\"contentUrl\":\"https:\\\/\\\/taxiure.com\\\/wp-content\\\/uploads\\\/2023\\\/08\\\/logo-tax-and-iure.png\",\"width\":338,\"height\":70,\"caption\":\"Tax & Iure\"},\"image\":{\"@id\":\"https:\\\/\\\/taxiure.com\\\/es\\\/#\\\/schema\\\/logo\\\/image\\\/\"}}]}<\/script>\n<!-- \/ Yoast SEO plugin. -->","yoast_head_json":{"title":"Servicios de asesor\u00eda fiscal y contable Tax & Iure","description":"Nuestros servicios de asesor\u00eda fiscal y contable est\u00e1n dise\u00f1ados para ayudarte a gestionar con \u00e9xito la parte financiera de tu negocio.","robots":{"index":"index","follow":"follow","max-snippet":"max-snippet:-1","max-image-preview":"max-image-preview:large","max-video-preview":"max-video-preview:-1"},"canonical":"https:\/\/taxiure.com\/es\/servicios\/asesoria-fiscal\/","og_locale":"es_ES","og_type":"article","og_title":"Servicios de asesor\u00eda fiscal y contable Tax & Iure","og_description":"Nuestros servicios de asesor\u00eda fiscal y contable est\u00e1n dise\u00f1ados para ayudarte a gestionar con \u00e9xito la parte financiera de tu negocio.","og_url":"https:\/\/taxiure.com\/es\/servicios\/asesoria-fiscal\/","og_site_name":"Tax &amp; Iure","article_modified_time":"2023-09-18T15:55:05+00:00","twitter_card":"summary_large_image","schema":{"@context":"https:\/\/schema.org","@graph":[{"@type":"WebPage","@id":"https:\/\/taxiure.com\/es\/servicios\/asesoria-fiscal\/","url":"https:\/\/taxiure.com\/es\/servicios\/asesoria-fiscal\/","name":"Servicios de asesor\u00eda fiscal y contable Tax & Iure","isPartOf":{"@id":"https:\/\/taxiure.com\/es\/#website"},"datePublished":"2023-08-28T11:32:23+00:00","dateModified":"2023-09-18T15:55:05+00:00","description":"Nuestros servicios de asesor\u00eda fiscal y contable est\u00e1n dise\u00f1ados para ayudarte a gestionar con \u00e9xito la parte financiera de tu negocio.","breadcrumb":{"@id":"https:\/\/taxiure.com\/es\/servicios\/asesoria-fiscal\/#breadcrumb"},"inLanguage":"es","potentialAction":[{"@type":"ReadAction","target":["https:\/\/taxiure.com\/es\/servicios\/asesoria-fiscal\/"]}]},{"@type":"BreadcrumbList","@id":"https:\/\/taxiure.com\/es\/servicios\/asesoria-fiscal\/#breadcrumb","itemListElement":[{"@type":"ListItem","position":1,"name":"Portada","item":"https:\/\/taxiure.com\/es\/home\/"},{"@type":"ListItem","position":2,"name":"Servicios","item":"https:\/\/taxiure.com\/es\/servicios\/"},{"@type":"ListItem","position":3,"name":"Asesor\u00eda fiscal"}]},{"@type":"WebSite","@id":"https:\/\/taxiure.com\/es\/#website","url":"https:\/\/taxiure.com\/es\/","name":"Tax &amp; Iure","description":"","publisher":{"@id":"https:\/\/taxiure.com\/es\/#organization"},"potentialAction":[{"@type":"SearchAction","target":{"@type":"EntryPoint","urlTemplate":"https:\/\/taxiure.com\/es\/?s={search_term_string}"},"query-input":{"@type":"PropertyValueSpecification","valueRequired":true,"valueName":"search_term_string"}}],"inLanguage":"es"},{"@type":"Organization","@id":"https:\/\/taxiure.com\/es\/#organization","name":"Tax & Iure","url":"https:\/\/taxiure.com\/es\/","logo":{"@type":"ImageObject","inLanguage":"es","@id":"https:\/\/taxiure.com\/es\/#\/schema\/logo\/image\/","url":"https:\/\/taxiure.com\/wp-content\/uploads\/2023\/08\/logo-tax-and-iure.png","contentUrl":"https:\/\/taxiure.com\/wp-content\/uploads\/2023\/08\/logo-tax-and-iure.png","width":338,"height":70,"caption":"Tax & Iure"},"image":{"@id":"https:\/\/taxiure.com\/es\/#\/schema\/logo\/image\/"}}]}},"_links":{"self":[{"href":"https:\/\/taxiure.com\/es\/wp-json\/wp\/v2\/pages\/500","targetHints":{"allow":["GET"]}}],"collection":[{"href":"https:\/\/taxiure.com\/es\/wp-json\/wp\/v2\/pages"}],"about":[{"href":"https:\/\/taxiure.com\/es\/wp-json\/wp\/v2\/types\/page"}],"author":[{"embeddable":true,"href":"https:\/\/taxiure.com\/es\/wp-json\/wp\/v2\/users\/3"}],"replies":[{"embeddable":true,"href":"https:\/\/taxiure.com\/es\/wp-json\/wp\/v2\/comments?post=500"}],"version-history":[{"count":7,"href":"https:\/\/taxiure.com\/es\/wp-json\/wp\/v2\/pages\/500\/revisions"}],"predecessor-version":[{"id":596,"href":"https:\/\/taxiure.com\/es\/wp-json\/wp\/v2\/pages\/500\/revisions\/596"}],"up":[{"embeddable":true,"href":"https:\/\/taxiure.com\/es\/wp-json\/wp\/v2\/pages\/503"}],"wp:attachment":[{"href":"https:\/\/taxiure.com\/es\/wp-json\/wp\/v2\/media?parent=500"}],"curies":[{"name":"wp","href":"https:\/\/api.w.org\/{rel}","templated":true}]}}