{"id":506,"date":"2023-08-28T13:29:08","date_gmt":"2023-08-28T11:29:08","guid":{"rendered":"https:\/\/taxiure.com\/quienes-somos\/"},"modified":"2023-08-31T16:00:27","modified_gmt":"2023-08-31T14:00:27","slug":"quienes-somos","status":"publish","type":"page","link":"https:\/\/taxiure.com\/es\/quienes-somos\/","title":{"rendered":"Qui\u00e9nes somos"},"content":{"rendered":"<p>[et_pb_section fb_built=\u00bb1&#8243; custom_padding_last_edited=\u00bbon|phone\u00bb _builder_version=\u00bb4.22.1&#8243; _module_preset=\u00bbdefault\u00bb background_image=\u00bbhttps:\/\/taxiure.com\/wp-content\/uploads\/2023\/08\/tax-and-iure-qui-som-header.jpg\u00bb custom_padding=\u00bb159px||159px||false|false\u00bb custom_padding_tablet=\u00bb120px||120px||false|false\u00bb custom_padding_phone=\u00bb90px||90px||false|false\u00bb global_colors_info=\u00bb{}\u00bb][et_pb_row _builder_version=\u00bb4.22.1&#8243; _module_preset=\u00bbdefault\u00bb global_colors_info=\u00bb{}\u00bb][et_pb_column type=\u00bb4_4&#8243; _builder_version=\u00bb4.22.1&#8243; _module_preset=\u00bbdefault\u00bb global_colors_info=\u00bb{}\u00bb][et_pb_text _builder_version=\u00bb4.22.1&#8243; _dynamic_attributes=\u00bbcontent\u00bb _module_preset=\u00bbdefault\u00bb header_text_align=\u00bbcenter\u00bb header_text_color=\u00bb#FFFFFF\u00bb custom_margin=\u00bb0px||0px||false|false\u00bb custom_padding=\u00bb0px||0px||false|false\u00bb global_colors_info=\u00bb{}\u00bb]@ET-DC@eyJkeW5hbWljIjp0cnVlLCJjb250ZW50IjoicG9zdF90aXRsZSIsInNldHRpbmdzIjp7ImJlZm9yZSI6IjxoMSBjbGFzcz1cInVwcGVyY2FzZVwiPiIsImFmdGVyIjoiPFwvaDE+In19@[\/et_pb_text][et_pb_divider color=\u00bb#d9a43f\u00bb divider_weight=\u00bb2px\u00bb _builder_version=\u00bb4.22.1&#8243; _module_preset=\u00bbdefault\u00bb width=\u00bb207px\u00bb module_alignment=\u00bbcenter\u00bb height=\u00bb2px\u00bb custom_margin=\u00bb0px||0px||false|false\u00bb custom_padding=\u00bb0px||0px||false|false\u00bb global_colors_info=\u00bb{}\u00bb][\/et_pb_divider][\/et_pb_column][\/et_pb_row][\/et_pb_section][et_pb_section fb_built=\u00bb1&#8243; _builder_version=\u00bb4.22.1&#8243; _module_preset=\u00bbdefault\u00bb background_color=\u00bb#f2f2f2&#8243; custom_padding=\u00bb51px||51px||false|false\u00bb global_colors_info=\u00bb{}\u00bb][et_pb_row _builder_version=\u00bb4.22.1&#8243; _module_preset=\u00bbdefault\u00bb global_colors_info=\u00bb{}\u00bb][et_pb_column type=\u00bb4_4&#8243; _builder_version=\u00bb4.22.1&#8243; _module_preset=\u00bbdefault\u00bb global_colors_info=\u00bb{}\u00bb][et_pb_text _builder_version=\u00bb4.22.1&#8243; _module_preset=\u00bbdefault\u00bb text_orientation=\u00bbcenter\u00bb max_width=\u00bb960px\u00bb module_alignment=\u00bbcenter\u00bb global_colors_info=\u00bb{}\u00bb]Tax &#038; Iure Assessors, SL es el resultado de una evoluci\u00f3n profesional que naci\u00f3 en abril de 2007 en Amposta y que se ha ido traduciendo en diferentes f\u00f3rmulas de ejercicio de la actividad profesional. Aparte de esta trayectoria, como profesionales independientes nos avalan <strong>m\u00e1s de 30 a\u00f1os de experiencia dentro del sector de la asesor\u00eda fiscal y contable<\/strong>.[\/et_pb_text][\/et_pb_column][\/et_pb_row][\/et_pb_section][et_pb_section fb_built=\u00bb1&#8243; _builder_version=\u00bb4.22.1&#8243; _module_preset=\u00bbdefault\u00bb custom_padding=\u00bb51px||51px||false|false\u00bb global_colors_info=\u00bb{}\u00bb][et_pb_row column_structure=\u00bb1_2,1_2&#8243; make_equal=\u00bbon\u00bb module_class=\u00bbalign-center\u00bb _builder_version=\u00bb4.22.1&#8243; _module_preset=\u00bbdefault\u00bb global_colors_info=\u00bb{}\u00bb][et_pb_column type=\u00bb1_2&#8243; _builder_version=\u00bb4.22.1&#8243; _module_preset=\u00bbdefault\u00bb global_colors_info=\u00bb{}\u00bb][et_pb_text _builder_version=\u00bb4.22.1&#8243; _module_preset=\u00bbdefault\u00bb header_font=\u00bbNewsreader||on||||||\u00bb header_2_font=\u00bbNewsreader||on||||||\u00bb global_colors_info=\u00bb{}\u00bb]<\/p>\n<h2>Nuestra filosof\u00eda<\/h2>\n<p>[\/et_pb_text][et_pb_text _builder_version=\u00bb4.22.1&#8243; _module_preset=\u00bbdefault\u00bb global_colors_info=\u00bb{}\u00bb]<\/p>\n<p>Somos una asesor\u00eda en constante evoluci\u00f3n. Los tiempos y las necesidades de nuestros clientes, tanto fieles como potenciales, cambian continuamente y, dentro de este cambio, debemos actualizarnos de forma continuada con el fin de darle siempre la soluci\u00f3n o respuesta m\u00e1s adecuada a sus necesidades profesionales o empresariales.<\/p>\n<p>Es en base a esta continuada evoluci\u00f3n que ampliamos nuestros iniciales servicios de asesor\u00eda contable con los servicios de asesor\u00eda fiscal. Posteriormente incorporamos los servicios de asesor\u00eda jur\u00eddica y ahora, m\u00e1s recientemente, hemos potenciado esta \u00faltima rama con la presentaci\u00f3n de los servicios de abogac\u00eda, especializ\u00e1ndonos en derecho mercantil, tributario y concursal. Y todo dirigido no s\u00f3lo a aut\u00f3nomos y empresarios, sino a particulares.<\/p>\n<p>En nuestra actividad siempre hemos defendido, y continuaremos defendi\u00e9ndolo a lo largo de los a\u00f1os venideros, el ofrecimiento de un servicio cercano y directo, trabajando de forma muy personalizada las necesidades de nuestros clientes, incluso in situ, en el centro neur\u00e1lgico econ\u00f3mico de nuestros clientes, con la \u00fanica finalidad de ayudarles a llevar una buena gesti\u00f3n de sus negocios e incluso preocuparnos, junto con ellos, de buscar las m\u00e1ximas f\u00f3rmulas posibles que les ayuden a consolidar sus negocios y, evidentemente, a hacerlos crecer. Y es que los problemas, cuando se atacan desde el origen, desde la propia sede de los negocios, es cuando mejor y m\u00e1s r\u00e1pido se pueden resolver.<\/p>\n<p>[\/et_pb_text][\/et_pb_column][et_pb_column type=\u00bb1_2&#8243; _builder_version=\u00bb4.22.1&#8243; _module_preset=\u00bbdefault\u00bb global_colors_info=\u00bb{}\u00bb][et_pb_image src=\u00bbhttps:\/\/taxiure.com\/wp-content\/uploads\/2023\/08\/tax-and-iure-filosofia.jpg\u00bb title_text=\u00bbtax-and-iure-filosofia\u00bb align=\u00bbcenter\u00bb _builder_version=\u00bb4.22.1&#8243; _module_preset=\u00bbdefault\u00bb global_colors_info=\u00bb{}\u00bb][\/et_pb_image][\/et_pb_column][\/et_pb_row][\/et_pb_section][et_pb_section fb_built=\u00bb1&#8243; module_class=\u00bbqui-som__objectius\u00bb _builder_version=\u00bb4.22.1&#8243; _module_preset=\u00bbdefault\u00bb background_color=\u00bb#f2f2f2&#8243; custom_padding=\u00bb0px||0px||false|false\u00bb locked=\u00bboff\u00bb global_colors_info=\u00bb{}\u00bb][et_pb_row column_structure=\u00bb1_2,1_2&#8243; use_custom_gutter=\u00bbon\u00bb gutter_width=\u00bb1&#8243; make_equal=\u00bbon\u00bb module_class=\u00bbhome__som column-reverse\u00bb _builder_version=\u00bb4.22.1&#8243; _module_preset=\u00bbdefault\u00bb background_color=\u00bb#1e1e1e\u00bb background_enable_image=\u00bboff\u00bb width=\u00bb100%\u00bb max_width=\u00bb100%\u00bb custom_padding=\u00bb0px||0px||false|false\u00bb global_colors_info=\u00bb{}\u00bb][et_pb_column type=\u00bb1_2&#8243; _builder_version=\u00bb4.22.1&#8243; _module_preset=\u00bbdefault\u00bb background_image=\u00bbhttps:\/\/taxiure.com\/wp-content\/uploads\/2023\/08\/tax-and-iure-objectius.jpg\u00bb global_colors_info=\u00bb{}\u00bb][et_pb_image src=\u00bbhttps:\/\/taxiure.com\/wp-content\/uploads\/2023\/08\/tax-and-iure-objectius.jpg\u00bb title_text=\u00bbtax-and-iure-objectius\u00bb align=\u00bbcenter\u00bb disabled_on=\u00bboff|off|on\u00bb _builder_version=\u00bb4.22.1&#8243; _module_preset=\u00bbdefault\u00bb global_colors_info=\u00bb{}\u00bb][\/et_pb_image][\/et_pb_column][et_pb_column type=\u00bb1_2&#8243; module_class=\u00bbwidth-585&#8243; _builder_version=\u00bb4.22.1&#8243; _module_preset=\u00bbdefault\u00bb custom_padding=\u00bb80px|15px|80px|70px|false|false\u00bb custom_padding_tablet=\u00bb80px|0px|80px|0px|false|false\u00bb custom_padding_phone=\u00bb70px||70px||false|false\u00bb custom_padding_last_edited=\u00bbon|phone\u00bb global_colors_info=\u00bb{}\u00bb][et_pb_text _builder_version=\u00bb4.22.1&#8243; _module_preset=\u00bbdefault\u00bb header_2_font=\u00bbNewsreader||on||||||\u00bb global_colors_info=\u00bb{}\u00bb]<\/p>\n<h2 class=\"primary-color\">Nuestros objetivos<\/h2>\n<p>[\/et_pb_text][et_pb_text _builder_version=\u00bb4.22.1&#8243; _module_preset=\u00bbdefault\u00bb text_text_color=\u00bb#FFFFFF\u00bb global_colors_info=\u00bb{}\u00bb]<\/p>\n<p>Queremos y nos esforzamos por llegar a ser, con los a\u00f1os, una aut\u00e9ntica <strong>asesor\u00eda integral para empresas, aut\u00f3nomos y particulares<\/strong>. Ofrecer la totalidad de los servicios que cualquier profesional, empresario o ciudadano, pueda requerir: asesor\u00eda contable, fiscal, laboral, abogac\u00eda, administraci\u00f3n de patrimonios, asesor\u00eda financiera, administraci\u00f3n concursal, mediaci\u00f3n\u2026 El camino es largo, pero todos los esfuerzos para llegar valen la pena.<\/p>\n<p>Deseamos ser una de las asesor\u00edas referentes en las Terres de l&#8217;Ebre, y para serlo, lo que tenemos claro es que no se logra con grandes carteras de clientes y grandes vol\u00famenes de facturaci\u00f3n. La reputaci\u00f3n profesional solo se consigue con el reconocimiento de los compa\u00f1eros de profesi\u00f3n y, ante todo, de la reputaci\u00f3n y reconocimiento de los clientes.<\/p>\n<p>[\/et_pb_text][\/et_pb_column][\/et_pb_row][\/et_pb_section][et_pb_section fb_built=\u00bb1&#8243; custom_padding_last_edited=\u00bbon|phone\u00bb _builder_version=\u00bb4.22.1&#8243; _module_preset=\u00bbdefault\u00bb background_image=\u00bbhttps:\/\/taxiure.com\/wp-content\/uploads\/2023\/08\/cta-contacte-background.jpg\u00bb custom_margin=\u00bb10px||||false|false\u00bb custom_padding=\u00bb100px||100px||false|false\u00bb custom_padding_tablet=\u00bb90px||90px||false|false\u00bb custom_padding_phone=\u00bb80px||80px||false|false\u00bb locked=\u00bboff\u00bb global_colors_info=\u00bb{}\u00bb][et_pb_row _builder_version=\u00bb4.22.1&#8243; _module_preset=\u00bbdefault\u00bb global_colors_info=\u00bb{}\u00bb][et_pb_column type=\u00bb4_4&#8243; _builder_version=\u00bb4.22.1&#8243; _module_preset=\u00bbdefault\u00bb global_colors_info=\u00bb{}\u00bb][et_pb_text _builder_version=\u00bb4.22.1&#8243; _module_preset=\u00bbdefault\u00bb text_text_color=\u00bb#FFFFFF\u00bb text_font_size=\u00bb22px\u00bb text_orientation=\u00bbcenter\u00bb custom_margin=\u00bb||40px||false|false\u00bb global_colors_info=\u00bb{}\u00bb]<\/p>\n<p class=\"font-medium\">Si necesitas ayuda o quieres que te asesoremos, contacta con nosotros<\/p>\n<p>[\/et_pb_text][et_pb_button button_text=\u00bbContactar\u00bb button_alignment=\u00bbcenter\u00bb module_class=\u00bbbutton-border-white-hover\u00bb _builder_version=\u00bb4.22.1&#8243; _module_preset=\u00bbdefault\u00bb custom_button=\u00bbon\u00bb global_colors_info=\u00bb{}\u00bb button_border_color__hover_enabled=\u00bbon|hover\u00bb button_border_color__hover=\u00bb#FFFFFF\u00bb custom_css_main_element__hover_enabled=\u00bbon|hover\u00bb][\/et_pb_button][\/et_pb_column][\/et_pb_row][\/et_pb_section]<\/p>\n","protected":false},"excerpt":{"rendered":"<p>Tax &#038; Iure Assessors, SL es el resultado de una evoluci\u00f3n profesional que naci\u00f3 en abril de 2007 en Amposta y que se ha ido traduciendo en diferentes f\u00f3rmulas de ejercicio de la actividad profesional. Aparte de esta trayectoria, como profesionales independientes nos avalan m\u00e1s de 30 a\u00f1os de experiencia dentro del sector de la [&hellip;]<\/p>\n","protected":false},"author":3,"featured_media":0,"parent":0,"menu_order":0,"comment_status":"closed","ping_status":"closed","template":"","meta":{"_et_pb_use_builder":"on","_et_pb_old_content":"","_et_gb_content_width":"","footnotes":""},"class_list":["post-506","page","type-page","status-publish","hentry"],"yoast_head":"<!-- This site is optimized with the Yoast SEO plugin v27.5 - https:\/\/yoast.com\/product\/yoast-seo-wordpress\/ -->\n<title>Qui\u00e9nes somos - Tax &amp; Iure<\/title>\n<meta name=\"robots\" content=\"index, follow, max-snippet:-1, max-image-preview:large, max-video-preview:-1\" \/>\n<link rel=\"canonical\" href=\"https:\/\/taxiure.com\/es\/quienes-somos\/\" \/>\n<meta property=\"og:locale\" content=\"es_ES\" \/>\n<meta property=\"og:type\" content=\"article\" \/>\n<meta property=\"og:title\" content=\"Qui\u00e9nes somos - Tax &amp; Iure\" \/>\n<meta property=\"og:description\" content=\"Tax &amp; Iure Assessors, SL es el resultado de una evoluci\u00f3n profesional que naci\u00f3 en abril de 2007 en Amposta y que se ha ido traduciendo en diferentes f\u00f3rmulas de ejercicio de la actividad profesional. Aparte de esta trayectoria, como profesionales independientes nos avalan m\u00e1s de 30 a\u00f1os de experiencia dentro del sector de la [&hellip;]\" \/>\n<meta property=\"og:url\" content=\"https:\/\/taxiure.com\/es\/quienes-somos\/\" \/>\n<meta property=\"og:site_name\" content=\"Tax &amp; Iure\" \/>\n<meta property=\"article:modified_time\" content=\"2023-08-31T14:00:27+00:00\" \/>\n<meta name=\"twitter:card\" content=\"summary_large_image\" \/>\n<script type=\"application\/ld+json\" class=\"yoast-schema-graph\">{\"@context\":\"https:\\\/\\\/schema.org\",\"@graph\":[{\"@type\":\"WebPage\",\"@id\":\"https:\\\/\\\/taxiure.com\\\/es\\\/quienes-somos\\\/\",\"url\":\"https:\\\/\\\/taxiure.com\\\/es\\\/quienes-somos\\\/\",\"name\":\"Qui\u00e9nes somos - Tax &amp; Iure\",\"isPartOf\":{\"@id\":\"https:\\\/\\\/taxiure.com\\\/es\\\/#website\"},\"datePublished\":\"2023-08-28T11:29:08+00:00\",\"dateModified\":\"2023-08-31T14:00:27+00:00\",\"breadcrumb\":{\"@id\":\"https:\\\/\\\/taxiure.com\\\/es\\\/quienes-somos\\\/#breadcrumb\"},\"inLanguage\":\"es\",\"potentialAction\":[{\"@type\":\"ReadAction\",\"target\":[\"https:\\\/\\\/taxiure.com\\\/es\\\/quienes-somos\\\/\"]}]},{\"@type\":\"BreadcrumbList\",\"@id\":\"https:\\\/\\\/taxiure.com\\\/es\\\/quienes-somos\\\/#breadcrumb\",\"itemListElement\":[{\"@type\":\"ListItem\",\"position\":1,\"name\":\"Portada\",\"item\":\"https:\\\/\\\/taxiure.com\\\/es\\\/home\\\/\"},{\"@type\":\"ListItem\",\"position\":2,\"name\":\"Qui\u00e9nes somos\"}]},{\"@type\":\"WebSite\",\"@id\":\"https:\\\/\\\/taxiure.com\\\/es\\\/#website\",\"url\":\"https:\\\/\\\/taxiure.com\\\/es\\\/\",\"name\":\"Tax &amp; Iure\",\"description\":\"\",\"publisher\":{\"@id\":\"https:\\\/\\\/taxiure.com\\\/es\\\/#organization\"},\"potentialAction\":[{\"@type\":\"SearchAction\",\"target\":{\"@type\":\"EntryPoint\",\"urlTemplate\":\"https:\\\/\\\/taxiure.com\\\/es\\\/?s={search_term_string}\"},\"query-input\":{\"@type\":\"PropertyValueSpecification\",\"valueRequired\":true,\"valueName\":\"search_term_string\"}}],\"inLanguage\":\"es\"},{\"@type\":\"Organization\",\"@id\":\"https:\\\/\\\/taxiure.com\\\/es\\\/#organization\",\"name\":\"Tax & Iure\",\"url\":\"https:\\\/\\\/taxiure.com\\\/es\\\/\",\"logo\":{\"@type\":\"ImageObject\",\"inLanguage\":\"es\",\"@id\":\"https:\\\/\\\/taxiure.com\\\/es\\\/#\\\/schema\\\/logo\\\/image\\\/\",\"url\":\"https:\\\/\\\/taxiure.com\\\/wp-content\\\/uploads\\\/2023\\\/08\\\/logo-tax-and-iure.png\",\"contentUrl\":\"https:\\\/\\\/taxiure.com\\\/wp-content\\\/uploads\\\/2023\\\/08\\\/logo-tax-and-iure.png\",\"width\":338,\"height\":70,\"caption\":\"Tax & Iure\"},\"image\":{\"@id\":\"https:\\\/\\\/taxiure.com\\\/es\\\/#\\\/schema\\\/logo\\\/image\\\/\"}}]}<\/script>\n<!-- \/ Yoast SEO plugin. -->","yoast_head_json":{"title":"Qui\u00e9nes somos - Tax &amp; Iure","robots":{"index":"index","follow":"follow","max-snippet":"max-snippet:-1","max-image-preview":"max-image-preview:large","max-video-preview":"max-video-preview:-1"},"canonical":"https:\/\/taxiure.com\/es\/quienes-somos\/","og_locale":"es_ES","og_type":"article","og_title":"Qui\u00e9nes somos - Tax &amp; Iure","og_description":"Tax & Iure Assessors, SL es el resultado de una evoluci\u00f3n profesional que naci\u00f3 en abril de 2007 en Amposta y que se ha ido traduciendo en diferentes f\u00f3rmulas de ejercicio de la actividad profesional. Aparte de esta trayectoria, como profesionales independientes nos avalan m\u00e1s de 30 a\u00f1os de experiencia dentro del sector de la [&hellip;]","og_url":"https:\/\/taxiure.com\/es\/quienes-somos\/","og_site_name":"Tax &amp; Iure","article_modified_time":"2023-08-31T14:00:27+00:00","twitter_card":"summary_large_image","schema":{"@context":"https:\/\/schema.org","@graph":[{"@type":"WebPage","@id":"https:\/\/taxiure.com\/es\/quienes-somos\/","url":"https:\/\/taxiure.com\/es\/quienes-somos\/","name":"Qui\u00e9nes somos - Tax &amp; Iure","isPartOf":{"@id":"https:\/\/taxiure.com\/es\/#website"},"datePublished":"2023-08-28T11:29:08+00:00","dateModified":"2023-08-31T14:00:27+00:00","breadcrumb":{"@id":"https:\/\/taxiure.com\/es\/quienes-somos\/#breadcrumb"},"inLanguage":"es","potentialAction":[{"@type":"ReadAction","target":["https:\/\/taxiure.com\/es\/quienes-somos\/"]}]},{"@type":"BreadcrumbList","@id":"https:\/\/taxiure.com\/es\/quienes-somos\/#breadcrumb","itemListElement":[{"@type":"ListItem","position":1,"name":"Portada","item":"https:\/\/taxiure.com\/es\/home\/"},{"@type":"ListItem","position":2,"name":"Qui\u00e9nes somos"}]},{"@type":"WebSite","@id":"https:\/\/taxiure.com\/es\/#website","url":"https:\/\/taxiure.com\/es\/","name":"Tax &amp; Iure","description":"","publisher":{"@id":"https:\/\/taxiure.com\/es\/#organization"},"potentialAction":[{"@type":"SearchAction","target":{"@type":"EntryPoint","urlTemplate":"https:\/\/taxiure.com\/es\/?s={search_term_string}"},"query-input":{"@type":"PropertyValueSpecification","valueRequired":true,"valueName":"search_term_string"}}],"inLanguage":"es"},{"@type":"Organization","@id":"https:\/\/taxiure.com\/es\/#organization","name":"Tax & Iure","url":"https:\/\/taxiure.com\/es\/","logo":{"@type":"ImageObject","inLanguage":"es","@id":"https:\/\/taxiure.com\/es\/#\/schema\/logo\/image\/","url":"https:\/\/taxiure.com\/wp-content\/uploads\/2023\/08\/logo-tax-and-iure.png","contentUrl":"https:\/\/taxiure.com\/wp-content\/uploads\/2023\/08\/logo-tax-and-iure.png","width":338,"height":70,"caption":"Tax & Iure"},"image":{"@id":"https:\/\/taxiure.com\/es\/#\/schema\/logo\/image\/"}}]}},"_links":{"self":[{"href":"https:\/\/taxiure.com\/es\/wp-json\/wp\/v2\/pages\/506","targetHints":{"allow":["GET"]}}],"collection":[{"href":"https:\/\/taxiure.com\/es\/wp-json\/wp\/v2\/pages"}],"about":[{"href":"https:\/\/taxiure.com\/es\/wp-json\/wp\/v2\/types\/page"}],"author":[{"embeddable":true,"href":"https:\/\/taxiure.com\/es\/wp-json\/wp\/v2\/users\/3"}],"replies":[{"embeddable":true,"href":"https:\/\/taxiure.com\/es\/wp-json\/wp\/v2\/comments?post=506"}],"version-history":[{"count":2,"href":"https:\/\/taxiure.com\/es\/wp-json\/wp\/v2\/pages\/506\/revisions"}],"predecessor-version":[{"id":508,"href":"https:\/\/taxiure.com\/es\/wp-json\/wp\/v2\/pages\/506\/revisions\/508"}],"wp:attachment":[{"href":"https:\/\/taxiure.com\/es\/wp-json\/wp\/v2\/media?parent=506"}],"curies":[{"name":"wp","href":"https:\/\/api.w.org\/{rel}","templated":true}]}}